{"id":374,"date":"2025-06-16T22:41:42","date_gmt":"2025-06-17T03:41:42","guid":{"rendered":"https:\/\/greencontrol-la.com\/?page_id=374"},"modified":"2025-06-25T23:27:34","modified_gmt":"2025-06-26T04:27:34","slug":"blog","status":"publish","type":"page","link":"https:\/\/greencontrol-la.com\/en\/blog\/","title":{"rendered":"Blog"},"content":{"rendered":"<div data-elementor-type=\"wp-page\" data-elementor-id=\"374\" class=\"elementor elementor-374\" data-elementor-post-type=\"page\">\n\t\t\t\t<div class=\"elementor-element elementor-element-1a77fa4 e-flex e-con-boxed e-con e-parent\" data-id=\"1a77fa4\" data-element_type=\"container\" data-settings=\"{&quot;background_background&quot;:&quot;classic&quot;}\">\n\t\t\t\t\t<div class=\"e-con-inner\">\n\t\t\t\t<div class=\"elementor-element elementor-element-203af36 elementor-widget elementor-widget-heading\" data-id=\"203af36\" data-element_type=\"widget\" data-widget_type=\"heading.default\">\n\t\t\t\t<div class=\"elementor-widget-container\">\n\t\t\t\t\t<h2 class=\"elementor-heading-title elementor-size-default\">Blog<\/h2>\t\t\t\t<\/div>\n\t\t\t\t<\/div>\n\t\t\t\t\t<\/div>\n\t\t\t\t<\/div>\n\t\t<div class=\"elementor-element elementor-element-34edbef e-flex e-con-boxed e-con e-parent\" data-id=\"34edbef\" data-element_type=\"container\">\n\t\t\t\t\t<div class=\"e-con-inner\">\n\t\t<div class=\"elementor-element elementor-element-f3fdeae e-con-full e-flex e-con e-child\" data-id=\"f3fdeae\" data-element_type=\"container\">\n\t\t\t\t<div class=\"elementor-element elementor-element-83f2114 elementor-posts--align-center elementor-grid-3 elementor-grid-tablet-2 elementor-grid-mobile-1 elementor-posts--thumbnail-top elementor-card-shadow-yes elementor-posts__hover-gradient elementor-widget elementor-widget-posts\" data-id=\"83f2114\" data-element_type=\"widget\" data-settings=\"{&quot;cards_row_gap&quot;:{&quot;unit&quot;:&quot;px&quot;,&quot;size&quot;:45,&quot;sizes&quot;:[]},&quot;cards_columns&quot;:&quot;3&quot;,&quot;cards_columns_tablet&quot;:&quot;2&quot;,&quot;cards_columns_mobile&quot;:&quot;1&quot;,&quot;cards_row_gap_tablet&quot;:{&quot;unit&quot;:&quot;px&quot;,&quot;size&quot;:&quot;&quot;,&quot;sizes&quot;:[]},&quot;cards_row_gap_mobile&quot;:{&quot;unit&quot;:&quot;px&quot;,&quot;size&quot;:&quot;&quot;,&quot;sizes&quot;:[]}}\" data-widget_type=\"posts.cards\">\n\t\t\t\t<div class=\"elementor-widget-container\">\n\t\t\t\t\t\t\t<div class=\"elementor-posts-container elementor-posts elementor-posts--skin-cards elementor-grid\">\n\t\t\t\t<article class=\"elementor-post elementor-grid-item post-479 post type-post status-publish format-standard has-post-thumbnail hentry category-sin-categoria\">\n\t\t\t<div class=\"elementor-post__card\">\n\t\t\t\t<a class=\"elementor-post__thumbnail__link\" href=\"https:\/\/greencontrol-la.com\/en\/2025\/08\/31\/aplicacion-de-tratamientos-fitosanitarios-para-minimizar-el-riesgo-de-introduccion-de-especies-exogenas-a-galapagos\/\" tabindex=\"-1\" target=\"_blank\"><div class=\"elementor-post__thumbnail\"><img fetchpriority=\"high\" decoding=\"async\" width=\"300\" height=\"187\" src=\"https:\/\/greencontrol-la.com\/wp-content\/uploads\/2025\/08\/Agencia-de-Bioseguridad-para-Galapagos-300x187.jpg\" class=\"attachment-medium size-medium wp-image-481\" alt=\"\" srcset=\"https:\/\/greencontrol-la.com\/wp-content\/uploads\/2025\/08\/Agencia-de-Bioseguridad-para-Galapagos-300x187.jpg 300w, https:\/\/greencontrol-la.com\/wp-content\/uploads\/2025\/08\/Agencia-de-Bioseguridad-para-Galapagos-18x12.jpg 18w, https:\/\/greencontrol-la.com\/wp-content\/uploads\/2025\/08\/Agencia-de-Bioseguridad-para-Galapagos.jpg 600w\" sizes=\"(max-width: 300px) 100vw, 300px\" \/><\/div><\/a>\n\t\t\t\t<div class=\"elementor-post__text\">\n\t\t\t\t<h3 class=\"elementor-post__title\">\n\t\t\t<a href=\"https:\/\/greencontrol-la.com\/en\/2025\/08\/31\/aplicacion-de-tratamientos-fitosanitarios-para-minimizar-el-riesgo-de-introduccion-de-especies-exogenas-a-galapagos\/\" target=\"&quot;_blank&quot;\">\n\t\t\t\tApplication of phytosanitary treatments to minimize the risk of introducing exotic species to Gal\u00e1pagos.\t\t\t<\/a>\n\t\t<\/h3>\n\t\t\t\t\t<div class=\"elementor-post__read-more-wrapper\">\n\t\t\n\t\t<a class=\"elementor-post__read-more\" href=\"https:\/\/greencontrol-la.com\/en\/2025\/08\/31\/aplicacion-de-tratamientos-fitosanitarios-para-minimizar-el-riesgo-de-introduccion-de-especies-exogenas-a-galapagos\/\" aria-label=\"Read more about Aplicaci\u00f3n de tratamientos fitosanitarios para minimizar el riesgo de introducci\u00f3n de especies ex\u00f3genas a Gal\u00e1pagos\" tabindex=\"-1\" target=\"_blank\">\n\t\t\tRead more &#034;\t\t<\/a>\n\n\t\t\t\t\t<\/div>\n\t\t\t\t<\/div>\n\t\t\t\t\t<\/div>\n\t\t<\/article>\n\t\t\t\t<article class=\"elementor-post elementor-grid-item post-364 post type-post status-publish format-standard has-post-thumbnail hentry category-sin-categoria\">\n\t\t\t<div class=\"elementor-post__card\">\n\t\t\t\t<a class=\"elementor-post__thumbnail__link\" href=\"https:\/\/greencontrol-la.com\/en\/2025\/06\/16\/dialogamos-con-alex-bustos-y-carlos-vergara-para-trabajar-juntos-en-medidas-fitosanitarias-que-sigan-garantizando-la-calidad-de-nuestras-exportaciones\/\" tabindex=\"-1\" target=\"_blank\"><div class=\"elementor-post__thumbnail\"><img decoding=\"async\" width=\"300\" height=\"187\" src=\"https:\/\/greencontrol-la.com\/wp-content\/uploads\/2025\/06\/entrevista-instagram-300x187.jpg\" class=\"attachment-medium size-medium wp-image-365\" alt=\"\" srcset=\"https:\/\/greencontrol-la.com\/wp-content\/uploads\/2025\/06\/entrevista-instagram-300x187.jpg 300w, https:\/\/greencontrol-la.com\/wp-content\/uploads\/2025\/06\/entrevista-instagram.jpg 600w\" sizes=\"(max-width: 300px) 100vw, 300px\" \/><\/div><\/a>\n\t\t\t\t<div class=\"elementor-post__text\">\n\t\t\t\t<h3 class=\"elementor-post__title\">\n\t\t\t<a href=\"https:\/\/greencontrol-la.com\/en\/2025\/06\/16\/dialogamos-con-alex-bustos-y-carlos-vergara-para-trabajar-juntos-en-medidas-fitosanitarias-que-sigan-garantizando-la-calidad-de-nuestras-exportaciones\/\" target=\"&quot;_blank&quot;\">\n\t\t\t\tWe spoke with Alex Busts and Carlos Vergara together to work on phytosanitary measures to continue to ensure the quality of our exports.\t\t\t<\/a>\n\t\t<\/h3>\n\t\t\t\t\t<div class=\"elementor-post__read-more-wrapper\">\n\t\t\n\t\t<a class=\"elementor-post__read-more\" href=\"https:\/\/greencontrol-la.com\/en\/2025\/06\/16\/dialogamos-con-alex-bustos-y-carlos-vergara-para-trabajar-juntos-en-medidas-fitosanitarias-que-sigan-garantizando-la-calidad-de-nuestras-exportaciones\/\" aria-label=\"Read more about Dialogamos con Alex Bustos y Carlos Vergara para trabajar juntos en medidas fitosanitarias que sigan garantizando la calidad de nuestras exportaciones.\" tabindex=\"-1\" target=\"_blank\">\n\t\t\tRead more &#034;\t\t<\/a>\n\n\t\t\t\t\t<\/div>\n\t\t\t\t<\/div>\n\t\t\t\t\t<\/div>\n\t\t<\/article>\n\t\t\t\t<article class=\"elementor-post elementor-grid-item post-355 post type-post status-publish format-standard has-post-thumbnail hentry category-sin-categoria\">\n\t\t\t<div class=\"elementor-post__card\">\n\t\t\t\t<a class=\"elementor-post__thumbnail__link\" href=\"https:\/\/greencontrol-la.com\/en\/2025\/06\/16\/ecuador-logra-record-en-agroexportaciones-us-10-559-millones\/\" tabindex=\"-1\" target=\"_blank\"><div class=\"elementor-post__thumbnail\"><img decoding=\"async\" width=\"300\" height=\"187\" src=\"https:\/\/greencontrol-la.com\/wp-content\/uploads\/2025\/06\/Ecuador-logra-record-en-agroexportaciones-300x187.jpg\" class=\"attachment-medium size-medium wp-image-357\" alt=\"\" srcset=\"https:\/\/greencontrol-la.com\/wp-content\/uploads\/2025\/06\/Ecuador-logra-record-en-agroexportaciones-300x187.jpg 300w, https:\/\/greencontrol-la.com\/wp-content\/uploads\/2025\/06\/Ecuador-logra-record-en-agroexportaciones.jpg 600w\" sizes=\"(max-width: 300px) 100vw, 300px\" \/><\/div><\/a>\n\t\t\t\t<div class=\"elementor-post__text\">\n\t\t\t\t<h3 class=\"elementor-post__title\">\n\t\t\t<a href=\"https:\/\/greencontrol-la.com\/en\/2025\/06\/16\/ecuador-logra-record-en-agroexportaciones-us-10-559-millones\/\" target=\"&quot;_blank&quot;\">\n\t\t\t\tEcuador achieves record in agroexportaciones: US$ 10.559 million\t\t\t<\/a>\n\t\t<\/h3>\n\t\t\t\t\t<div class=\"elementor-post__read-more-wrapper\">\n\t\t\n\t\t<a class=\"elementor-post__read-more\" href=\"https:\/\/greencontrol-la.com\/en\/2025\/06\/16\/ecuador-logra-record-en-agroexportaciones-us-10-559-millones\/\" aria-label=\"Read more about Ecuador logra r\u00e9cord en agroexportaciones: US$ 10.559 millones\" tabindex=\"-1\" target=\"_blank\">\n\t\t\tRead more &#034;\t\t<\/a>\n\n\t\t\t\t\t<\/div>\n\t\t\t\t<\/div>\n\t\t\t\t\t<\/div>\n\t\t<\/article>\n\t\t\t\t<article class=\"elementor-post elementor-grid-item post-342 post type-post status-publish format-standard has-post-thumbnail hentry category-sin-categoria\">\n\t\t\t<div class=\"elementor-post__card\">\n\t\t\t\t<a class=\"elementor-post__thumbnail__link\" href=\"https:\/\/greencontrol-la.com\/en\/2025\/06\/16\/peru-se-mantiene-como-uno-de-los-principales-destinos-de-la-pitahaya-de-ecuador-pero-con-precios-muy-bajos\/\" tabindex=\"-1\" target=\"_blank\"><div class=\"elementor-post__thumbnail\"><img loading=\"lazy\" decoding=\"async\" width=\"300\" height=\"187\" src=\"https:\/\/greencontrol-la.com\/wp-content\/uploads\/2025\/06\/Peru-se-mantiene-como-uno-de-los-principales-destinos-de-la-pitahaya-300x187.jpg\" class=\"attachment-medium size-medium wp-image-345\" alt=\"\" srcset=\"https:\/\/greencontrol-la.com\/wp-content\/uploads\/2025\/06\/Peru-se-mantiene-como-uno-de-los-principales-destinos-de-la-pitahaya-300x187.jpg 300w, https:\/\/greencontrol-la.com\/wp-content\/uploads\/2025\/06\/Peru-se-mantiene-como-uno-de-los-principales-destinos-de-la-pitahaya.jpg 600w\" sizes=\"(max-width: 300px) 100vw, 300px\" \/><\/div><\/a>\n\t\t\t\t<div class=\"elementor-post__text\">\n\t\t\t\t<h3 class=\"elementor-post__title\">\n\t\t\t<a href=\"https:\/\/greencontrol-la.com\/en\/2025\/06\/16\/peru-se-mantiene-como-uno-de-los-principales-destinos-de-la-pitahaya-de-ecuador-pero-con-precios-muy-bajos\/\" target=\"&quot;_blank&quot;\">\n\t\t\t\tPeru remains one of the main destinations of pitahaya in Ecuador, but with very low prices\t\t\t<\/a>\n\t\t<\/h3>\n\t\t\t\t\t<div class=\"elementor-post__read-more-wrapper\">\n\t\t\n\t\t<a class=\"elementor-post__read-more\" href=\"https:\/\/greencontrol-la.com\/en\/2025\/06\/16\/peru-se-mantiene-como-uno-de-los-principales-destinos-de-la-pitahaya-de-ecuador-pero-con-precios-muy-bajos\/\" aria-label=\"Read more about Per\u00fa se mantiene como uno de los principales destinos de la pitahaya de Ecuador, pero con precios muy bajos\" tabindex=\"-1\" target=\"_blank\">\n\t\t\tRead more &#034;\t\t<\/a>\n\n\t\t\t\t\t<\/div>\n\t\t\t\t<\/div>\n\t\t\t\t\t<\/div>\n\t\t<\/article>\n\t\t\t\t<article class=\"elementor-post elementor-grid-item post-336 post type-post status-publish format-standard has-post-thumbnail hentry category-sin-categoria\">\n\t\t\t<div class=\"elementor-post__card\">\n\t\t\t\t<a class=\"elementor-post__thumbnail__link\" href=\"https:\/\/greencontrol-la.com\/en\/2025\/06\/16\/el-potente-sector-exportador-de-rosas-de-ecuador\/\" tabindex=\"-1\" target=\"_blank\"><div class=\"elementor-post__thumbnail\"><img loading=\"lazy\" decoding=\"async\" width=\"300\" height=\"187\" src=\"https:\/\/greencontrol-la.com\/wp-content\/uploads\/2025\/06\/El-potente-sector-exportador-de-rosas-de-Ecuador-300x187.jpg\" class=\"attachment-medium size-medium wp-image-338\" alt=\"\" srcset=\"https:\/\/greencontrol-la.com\/wp-content\/uploads\/2025\/06\/El-potente-sector-exportador-de-rosas-de-Ecuador-300x187.jpg 300w, https:\/\/greencontrol-la.com\/wp-content\/uploads\/2025\/06\/El-potente-sector-exportador-de-rosas-de-Ecuador.jpg 600w\" sizes=\"(max-width: 300px) 100vw, 300px\" \/><\/div><\/a>\n\t\t\t\t<div class=\"elementor-post__text\">\n\t\t\t\t<h3 class=\"elementor-post__title\">\n\t\t\t<a href=\"https:\/\/greencontrol-la.com\/en\/2025\/06\/16\/el-potente-sector-exportador-de-rosas-de-ecuador\/\" target=\"&quot;_blank&quot;\">\n\t\t\t\tThe powerful export sector of roses from Ecuador\t\t\t<\/a>\n\t\t<\/h3>\n\t\t\t\t\t<div class=\"elementor-post__read-more-wrapper\">\n\t\t\n\t\t<a class=\"elementor-post__read-more\" href=\"https:\/\/greencontrol-la.com\/en\/2025\/06\/16\/el-potente-sector-exportador-de-rosas-de-ecuador\/\" aria-label=\"Read more about El potente sector exportador de rosas de Ecuador\" tabindex=\"-1\" target=\"_blank\">\n\t\t\tRead more &#034;\t\t<\/a>\n\n\t\t\t\t\t<\/div>\n\t\t\t\t<\/div>\n\t\t\t\t\t<\/div>\n\t\t<\/article>\n\t\t\t\t<article class=\"elementor-post elementor-grid-item post-323 post type-post status-publish format-standard has-post-thumbnail hentry category-sin-categoria\">\n\t\t\t<div class=\"elementor-post__card\">\n\t\t\t\t<a class=\"elementor-post__thumbnail__link\" href=\"https:\/\/greencontrol-la.com\/en\/2025\/06\/16\/maersk-continua-con-las-pruebas-de-envio-oceanico-de-rosas\/\" tabindex=\"-1\" target=\"_blank\"><div class=\"elementor-post__thumbnail\"><img loading=\"lazy\" decoding=\"async\" width=\"300\" height=\"187\" src=\"https:\/\/greencontrol-la.com\/wp-content\/uploads\/2025\/06\/Maersk-continua-con-las-pruebas-de-envio-oceanico-de-rosas-300x187.jpg\" class=\"attachment-medium size-medium wp-image-325\" alt=\"\" srcset=\"https:\/\/greencontrol-la.com\/wp-content\/uploads\/2025\/06\/Maersk-continua-con-las-pruebas-de-envio-oceanico-de-rosas-300x187.jpg 300w, https:\/\/greencontrol-la.com\/wp-content\/uploads\/2025\/06\/Maersk-continua-con-las-pruebas-de-envio-oceanico-de-rosas.jpg 600w\" sizes=\"(max-width: 300px) 100vw, 300px\" \/><\/div><\/a>\n\t\t\t\t<div class=\"elementor-post__text\">\n\t\t\t\t<h3 class=\"elementor-post__title\">\n\t\t\t<a href=\"https:\/\/greencontrol-la.com\/en\/2025\/06\/16\/maersk-continua-con-las-pruebas-de-envio-oceanico-de-rosas\/\" target=\"&quot;_blank&quot;\">\n\t\t\t\tMaersk continues with proof of sending ocean of roses\t\t\t<\/a>\n\t\t<\/h3>\n\t\t\t\t\t<div class=\"elementor-post__read-more-wrapper\">\n\t\t\n\t\t<a class=\"elementor-post__read-more\" href=\"https:\/\/greencontrol-la.com\/en\/2025\/06\/16\/maersk-continua-con-las-pruebas-de-envio-oceanico-de-rosas\/\" aria-label=\"Read more about Maersk contin\u00faa con las pruebas de env\u00edo oce\u00e1nico de rosas\" tabindex=\"-1\" target=\"_blank\">\n\t\t\tRead more &#034;\t\t<\/a>\n\n\t\t\t\t\t<\/div>\n\t\t\t\t<\/div>\n\t\t\t\t\t<\/div>\n\t\t<\/article>\n\t\t\t\t<\/div>\n\t\t\n\t\t\t\t\t\t<\/div>\n\t\t\t\t<\/div>\n\t\t\t\t<\/div>\n\t\t\t\t\t<\/div>\n\t\t\t\t<\/div>\n\t\t\t\t<\/div>","protected":false},"excerpt":{"rendered":"<p>Blog<\/p>","protected":false},"author":1,"featured_media":10,"parent":0,"menu_order":0,"comment_status":"closed","ping_status":"closed","template":"elementor_header_footer","meta":{"footnotes":""},"class_list":["post-374","page","type-page","status-publish","has-post-thumbnail","hentry"],"yoast_head":"<!-- This site is optimized with the Yoast SEO plugin v25.3.1 - https:\/\/yoast.com\/wordpress\/plugins\/seo\/ -->\n<title>Blog - Greencontrol<\/title>\n<meta name=\"description\" content=\"Noticias m\u00e1s relevantes sobre el control de plagas y apariciones de nuestra empresa en prensa internacional\" \/>\n<meta name=\"robots\" content=\"index, follow, max-snippet:-1, max-image-preview:large, max-video-preview:-1\" \/>\n<link rel=\"canonical\" href=\"http:\/\/greencontrol-la.com\/en\/blog\/\" \/>\n<meta property=\"og:locale\" content=\"en_US\" \/>\n<meta property=\"og:type\" content=\"article\" \/>\n<meta property=\"og:title\" content=\"Blog - Greencontrol\" \/>\n<meta property=\"og:description\" content=\"Noticias m\u00e1s relevantes sobre el control de plagas y apariciones de nuestra empresa en prensa internacional\" \/>\n<meta property=\"og:url\" content=\"http:\/\/greencontrol-la.com\/en\/blog\/\" \/>\n<meta property=\"og:site_name\" content=\"Greencontrol\" \/>\n<meta property=\"article:publisher\" content=\"https:\/\/www.facebook.com\/greencontrolla\/\" \/>\n<meta property=\"article:modified_time\" content=\"2025-06-26T04:27:34+00:00\" \/>\n<meta property=\"og:image\" content=\"http:\/\/greencontrol-la.com\/wp-content\/uploads\/2025\/06\/logo.png\" \/>\n\t<meta property=\"og:image:width\" content=\"200\" \/>\n\t<meta property=\"og:image:height\" content=\"192\" \/>\n\t<meta property=\"og:image:type\" content=\"image\/png\" \/>\n<meta name=\"twitter:card\" content=\"summary_large_image\" \/>\n<meta name=\"twitter:site\" content=\"@GreenControl2\" \/>\n<meta name=\"twitter:label1\" content=\"Est. reading time\" \/>\n\t<meta name=\"twitter:data1\" content=\"2 minutes\" \/>\n<script type=\"application\/ld+json\" class=\"yoast-schema-graph\">{\"@context\":\"https:\/\/schema.org\",\"@graph\":[{\"@type\":\"WebPage\",\"@id\":\"http:\/\/greencontrol-la.com\/blog\/\",\"url\":\"http:\/\/greencontrol-la.com\/blog\/\",\"name\":\"Blog - Greencontrol\",\"isPartOf\":{\"@id\":\"http:\/\/greencontrol-la.com\/#website\"},\"primaryImageOfPage\":{\"@id\":\"http:\/\/greencontrol-la.com\/blog\/#primaryimage\"},\"image\":{\"@id\":\"http:\/\/greencontrol-la.com\/blog\/#primaryimage\"},\"thumbnailUrl\":\"https:\/\/greencontrol-la.com\/wp-content\/uploads\/2025\/06\/logo.png\",\"datePublished\":\"2025-06-17T03:41:42+00:00\",\"dateModified\":\"2025-06-26T04:27:34+00:00\",\"description\":\"Noticias m\u00e1s relevantes sobre el control de plagas y apariciones de nuestra empresa en prensa internacional\",\"breadcrumb\":{\"@id\":\"http:\/\/greencontrol-la.com\/blog\/#breadcrumb\"},\"inLanguage\":\"en-US\",\"potentialAction\":[{\"@type\":\"ReadAction\",\"target\":[\"http:\/\/greencontrol-la.com\/blog\/\"]}]},{\"@type\":\"ImageObject\",\"inLanguage\":\"en-US\",\"@id\":\"http:\/\/greencontrol-la.com\/blog\/#primaryimage\",\"url\":\"https:\/\/greencontrol-la.com\/wp-content\/uploads\/2025\/06\/logo.png\",\"contentUrl\":\"https:\/\/greencontrol-la.com\/wp-content\/uploads\/2025\/06\/logo.png\",\"width\":200,\"height\":192},{\"@type\":\"BreadcrumbList\",\"@id\":\"http:\/\/greencontrol-la.com\/blog\/#breadcrumb\",\"itemListElement\":[{\"@type\":\"ListItem\",\"position\":1,\"name\":\"Portada\",\"item\":\"http:\/\/greencontrol-la.com\/\"},{\"@type\":\"ListItem\",\"position\":2,\"name\":\"Blog\"}]},{\"@type\":\"WebSite\",\"@id\":\"http:\/\/greencontrol-la.com\/#website\",\"url\":\"http:\/\/greencontrol-la.com\/\",\"name\":\"Greencontrol\",\"description\":\"\",\"publisher\":{\"@id\":\"http:\/\/greencontrol-la.com\/#organization\"},\"potentialAction\":[{\"@type\":\"SearchAction\",\"target\":{\"@type\":\"EntryPoint\",\"urlTemplate\":\"http:\/\/greencontrol-la.com\/?s={search_term_string}\"},\"query-input\":{\"@type\":\"PropertyValueSpecification\",\"valueRequired\":true,\"valueName\":\"search_term_string\"}}],\"inLanguage\":\"en-US\"},{\"@type\":\"Organization\",\"@id\":\"http:\/\/greencontrol-la.com\/#organization\",\"name\":\"Greencontrol\",\"url\":\"http:\/\/greencontrol-la.com\/\",\"logo\":{\"@type\":\"ImageObject\",\"inLanguage\":\"en-US\",\"@id\":\"http:\/\/greencontrol-la.com\/#\/schema\/logo\/image\/\",\"url\":\"https:\/\/greencontrol-la.com\/wp-content\/uploads\/2025\/06\/logo-free.png\",\"contentUrl\":\"https:\/\/greencontrol-la.com\/wp-content\/uploads\/2025\/06\/logo-free.png\",\"width\":600,\"height\":111,\"caption\":\"Greencontrol\"},\"image\":{\"@id\":\"http:\/\/greencontrol-la.com\/#\/schema\/logo\/image\/\"},\"sameAs\":[\"https:\/\/www.facebook.com\/greencontrolla\/\",\"https:\/\/x.com\/GreenControl2\"]}]}<\/script>\n<!-- \/ Yoast SEO plugin. -->","yoast_head_json":{"title":"Blog - Greencontrol","description":"Noticias m\u00e1s relevantes sobre el control de plagas y apariciones de nuestra empresa en prensa internacional","robots":{"index":"index","follow":"follow","max-snippet":"max-snippet:-1","max-image-preview":"max-image-preview:large","max-video-preview":"max-video-preview:-1"},"canonical":"http:\/\/greencontrol-la.com\/en\/blog\/","og_locale":"en_US","og_type":"article","og_title":"Blog - Greencontrol","og_description":"Noticias m\u00e1s relevantes sobre el control de plagas y apariciones de nuestra empresa en prensa internacional","og_url":"http:\/\/greencontrol-la.com\/en\/blog\/","og_site_name":"Greencontrol","article_publisher":"https:\/\/www.facebook.com\/greencontrolla\/","article_modified_time":"2025-06-26T04:27:34+00:00","og_image":[{"width":200,"height":192,"url":"http:\/\/greencontrol-la.com\/wp-content\/uploads\/2025\/06\/logo.png","type":"image\/png"}],"twitter_card":"summary_large_image","twitter_site":"@GreenControl2","twitter_misc":{"Est. reading time":"2 minutes"},"schema":{"@context":"https:\/\/schema.org","@graph":[{"@type":"WebPage","@id":"http:\/\/greencontrol-la.com\/blog\/","url":"http:\/\/greencontrol-la.com\/blog\/","name":"Blog - Greencontrol","isPartOf":{"@id":"http:\/\/greencontrol-la.com\/#website"},"primaryImageOfPage":{"@id":"http:\/\/greencontrol-la.com\/blog\/#primaryimage"},"image":{"@id":"http:\/\/greencontrol-la.com\/blog\/#primaryimage"},"thumbnailUrl":"https:\/\/greencontrol-la.com\/wp-content\/uploads\/2025\/06\/logo.png","datePublished":"2025-06-17T03:41:42+00:00","dateModified":"2025-06-26T04:27:34+00:00","description":"Noticias m\u00e1s relevantes sobre el control de plagas y apariciones de nuestra empresa en prensa internacional","breadcrumb":{"@id":"http:\/\/greencontrol-la.com\/blog\/#breadcrumb"},"inLanguage":"en-US","potentialAction":[{"@type":"ReadAction","target":["http:\/\/greencontrol-la.com\/blog\/"]}]},{"@type":"ImageObject","inLanguage":"en-US","@id":"http:\/\/greencontrol-la.com\/blog\/#primaryimage","url":"https:\/\/greencontrol-la.com\/wp-content\/uploads\/2025\/06\/logo.png","contentUrl":"https:\/\/greencontrol-la.com\/wp-content\/uploads\/2025\/06\/logo.png","width":200,"height":192},{"@type":"BreadcrumbList","@id":"http:\/\/greencontrol-la.com\/blog\/#breadcrumb","itemListElement":[{"@type":"ListItem","position":1,"name":"Portada","item":"http:\/\/greencontrol-la.com\/"},{"@type":"ListItem","position":2,"name":"Blog"}]},{"@type":"WebSite","@id":"http:\/\/greencontrol-la.com\/#website","url":"http:\/\/greencontrol-la.com\/","name":"Greencontrol","description":"","publisher":{"@id":"http:\/\/greencontrol-la.com\/#organization"},"potentialAction":[{"@type":"SearchAction","target":{"@type":"EntryPoint","urlTemplate":"http:\/\/greencontrol-la.com\/?s={search_term_string}"},"query-input":{"@type":"PropertyValueSpecification","valueRequired":true,"valueName":"search_term_string"}}],"inLanguage":"en-US"},{"@type":"Organization","@id":"http:\/\/greencontrol-la.com\/#organization","name":"Greencontrol","url":"http:\/\/greencontrol-la.com\/","logo":{"@type":"ImageObject","inLanguage":"en-US","@id":"http:\/\/greencontrol-la.com\/#\/schema\/logo\/image\/","url":"https:\/\/greencontrol-la.com\/wp-content\/uploads\/2025\/06\/logo-free.png","contentUrl":"https:\/\/greencontrol-la.com\/wp-content\/uploads\/2025\/06\/logo-free.png","width":600,"height":111,"caption":"Greencontrol"},"image":{"@id":"http:\/\/greencontrol-la.com\/#\/schema\/logo\/image\/"},"sameAs":["https:\/\/www.facebook.com\/greencontrolla\/","https:\/\/x.com\/GreenControl2"]}]}},"_links":{"self":[{"href":"https:\/\/greencontrol-la.com\/en\/wp-json\/wp\/v2\/pages\/374","targetHints":{"allow":["GET"]}}],"collection":[{"href":"https:\/\/greencontrol-la.com\/en\/wp-json\/wp\/v2\/pages"}],"about":[{"href":"https:\/\/greencontrol-la.com\/en\/wp-json\/wp\/v2\/types\/page"}],"author":[{"embeddable":true,"href":"https:\/\/greencontrol-la.com\/en\/wp-json\/wp\/v2\/users\/1"}],"replies":[{"embeddable":true,"href":"https:\/\/greencontrol-la.com\/en\/wp-json\/wp\/v2\/comments?post=374"}],"version-history":[{"count":10,"href":"https:\/\/greencontrol-la.com\/en\/wp-json\/wp\/v2\/pages\/374\/revisions"}],"predecessor-version":[{"id":448,"href":"https:\/\/greencontrol-la.com\/en\/wp-json\/wp\/v2\/pages\/374\/revisions\/448"}],"wp:featuredmedia":[{"embeddable":true,"href":"https:\/\/greencontrol-la.com\/en\/wp-json\/wp\/v2\/media\/10"}],"wp:attachment":[{"href":"https:\/\/greencontrol-la.com\/en\/wp-json\/wp\/v2\/media?parent=374"}],"curies":[{"name":"wp","href":"https:\/\/api.w.org\/{rel}","templated":true}]}}