{"id":187,"date":"2025-06-08T12:19:47","date_gmt":"2025-06-08T17:19:47","guid":{"rendered":"https:\/\/greencontrol-la.com\/?page_id=187"},"modified":"2025-06-25T23:21:09","modified_gmt":"2025-06-26T04:21:09","slug":"nosotros","status":"publish","type":"page","link":"https:\/\/greencontrol-la.com\/en\/nosotros\/","title":{"rendered":"Us"},"content":{"rendered":"<div data-elementor-type=\"wp-page\" data-elementor-id=\"187\" class=\"elementor elementor-187\" data-elementor-post-type=\"page\">\n\t\t\t\t<div class=\"elementor-element elementor-element-8ece9e7 e-flex e-con-boxed e-con e-parent\" data-id=\"8ece9e7\" data-element_type=\"container\" data-settings=\"{&quot;background_background&quot;:&quot;classic&quot;}\">\n\t\t\t\t\t<div class=\"e-con-inner\">\n\t\t\t\t<div class=\"elementor-element elementor-element-d5f51db elementor-widget elementor-widget-heading\" data-id=\"d5f51db\" data-element_type=\"widget\" data-widget_type=\"heading.default\">\n\t\t\t\t<div class=\"elementor-widget-container\">\n\t\t\t\t\t<h2 class=\"elementor-heading-title elementor-size-default\">FOSFOQUIM GREEN CONTROL<\/h2>\t\t\t\t<\/div>\n\t\t\t\t<\/div>\n\t\t\t\t<div class=\"elementor-element elementor-element-06639c8 elementor-widget elementor-widget-text-editor\" data-id=\"06639c8\" data-element_type=\"widget\" data-widget_type=\"text-editor.default\">\n\t\t\t\t<div class=\"elementor-widget-container\">\n\t\t\t\t\t\t\t\t\t<p>Global presence<\/p>\t\t\t\t\t\t\t\t<\/div>\n\t\t\t\t<\/div>\n\t\t\t\t\t<\/div>\n\t\t\t\t<\/div>\n\t\t<div class=\"elementor-element elementor-element-e2fa5cf e-flex e-con-boxed e-con e-parent\" data-id=\"e2fa5cf\" data-element_type=\"container\">\n\t\t\t\t\t<div class=\"e-con-inner\">\n\t\t\t\t<div class=\"elementor-element elementor-element-5f9a9ee elementor-widget elementor-widget-image\" data-id=\"5f9a9ee\" data-element_type=\"widget\" data-widget_type=\"image.default\">\n\t\t\t\t<div class=\"elementor-widget-container\">\n\t\t\t\t\t\t\t\t\t\t\t\t\t\t\t\t<a href=\"https:\/\/greencontrol-la.com\/wp-content\/uploads\/2025\/06\/nuevo-mapa.webp\" data-elementor-open-lightbox=\"yes\" data-elementor-lightbox-title=\"nuevo-mapa\" data-e-action-hash=\"#elementor-action%3Aaction%3Dlightbox%26settings%3DeyJpZCI6Mjk0LCJ1cmwiOiJodHRwczpcL1wvZ3JlZW5jb250cm9sLWxhLmNvbVwvd3AtY29udGVudFwvdXBsb2Fkc1wvMjAyNVwvMDZcL251ZXZvLW1hcGEud2VicCJ9\">\n\t\t\t\t\t\t\t<img fetchpriority=\"high\" decoding=\"async\" width=\"1500\" height=\"808\" src=\"https:\/\/greencontrol-la.com\/wp-content\/uploads\/2025\/06\/nuevo-mapa.webp\" class=\"attachment-full size-full wp-image-294\" alt=\"\" srcset=\"https:\/\/greencontrol-la.com\/wp-content\/uploads\/2025\/06\/nuevo-mapa.webp 1500w, https:\/\/greencontrol-la.com\/wp-content\/uploads\/2025\/06\/nuevo-mapa-300x162.webp 300w, https:\/\/greencontrol-la.com\/wp-content\/uploads\/2025\/06\/nuevo-mapa-1024x552.webp 1024w, https:\/\/greencontrol-la.com\/wp-content\/uploads\/2025\/06\/nuevo-mapa-768x414.webp 768w\" sizes=\"(max-width: 1500px) 100vw, 1500px\" \/>\t\t\t\t\t\t\t\t<\/a>\n\t\t\t\t\t\t\t\t\t\t\t\t\t\t\t<\/div>\n\t\t\t\t<\/div>\n\t\t\t\t\t<\/div>\n\t\t\t\t<\/div>\n\t\t<div class=\"elementor-element elementor-element-ba94d9f e-flex e-con-boxed e-con e-parent\" data-id=\"ba94d9f\" data-element_type=\"container\">\n\t\t\t\t\t<div class=\"e-con-inner\">\n\t\t\t\t<div class=\"elementor-element elementor-element-2c4aa5c elementor-widget elementor-widget-text-editor\" data-id=\"2c4aa5c\" data-element_type=\"widget\" data-widget_type=\"text-editor.default\">\n\t\t\t\t<div class=\"elementor-widget-container\">\n\t\t\t\t\t\t\t\t\t<p>Is a company dedicated to the provision of services, fumigation products, perishable and non-perishable for the control of pests.<br \/>Development of the maritime transport of products that is currently used by air transport. (Flower, Pitaya, tree tomato).<br \/>Specific applications for the control of ethylene in perishable to achieve greater durability, life in hanger, vase for non-traditional products.<\/p>\t\t\t\t\t\t\t\t<\/div>\n\t\t\t\t<\/div>\n\t\t\t\t\t<\/div>\n\t\t\t\t<\/div>\n\t\t\t\t<\/div>","protected":false},"excerpt":{"rendered":"<p>FOSFOQUIM GREEN CONTROL Presencia mundial Es una empresa dedicada a la prestaci\u00f3n de servicios de fumigaci\u00f3n de productos perecibles y no perecibles para el control de plagas.Desarrollo del transporte mar\u00edtimo de productos que actualmente usan transporte a\u00e9reo. (Flores, Pitahaya, tomate de \u00e1rbol).Aplicaciones especificas para el control de etileno en perecibles para lograr mayor durabilidad, vida [&hellip;]<\/p>","protected":false},"author":1,"featured_media":294,"parent":0,"menu_order":0,"comment_status":"closed","ping_status":"closed","template":"elementor_header_footer","meta":{"footnotes":""},"class_list":["post-187","page","type-page","status-publish","has-post-thumbnail","hentry"],"yoast_head":"<!-- This site is optimized with the Yoast SEO plugin v25.3.1 - https:\/\/yoast.com\/wordpress\/plugins\/seo\/ -->\n<title>Nosotros - Greencontrol<\/title>\n<meta name=\"description\" content=\"Es una empresa dedicada a la prestaci\u00f3n de servicios de fumigaci\u00f3n de productos perecibles y no perecibles para el control de plagas.\" \/>\n<meta name=\"robots\" content=\"index, follow, max-snippet:-1, max-image-preview:large, max-video-preview:-1\" \/>\n<link rel=\"canonical\" href=\"https:\/\/greencontrol-la.com\/en\/nosotros\/\" \/>\n<meta property=\"og:locale\" content=\"en_US\" \/>\n<meta property=\"og:type\" content=\"article\" \/>\n<meta property=\"og:title\" content=\"Nosotros - Greencontrol\" \/>\n<meta property=\"og:description\" content=\"Es una empresa dedicada a la prestaci\u00f3n de servicios de fumigaci\u00f3n de productos perecibles y no perecibles para el control de plagas.\" \/>\n<meta property=\"og:url\" content=\"https:\/\/greencontrol-la.com\/en\/nosotros\/\" \/>\n<meta property=\"og:site_name\" content=\"Greencontrol\" \/>\n<meta property=\"article:publisher\" content=\"https:\/\/www.facebook.com\/greencontrolla\/\" \/>\n<meta property=\"article:modified_time\" content=\"2025-06-26T04:21:09+00:00\" \/>\n<meta property=\"og:image\" content=\"https:\/\/greencontrol-la.com\/wp-content\/uploads\/2025\/06\/nuevo-mapa.webp\" \/>\n\t<meta property=\"og:image:width\" content=\"1500\" \/>\n\t<meta property=\"og:image:height\" content=\"808\" \/>\n\t<meta property=\"og:image:type\" content=\"image\/webp\" \/>\n<meta name=\"twitter:card\" content=\"summary_large_image\" \/>\n<meta name=\"twitter:site\" content=\"@GreenControl2\" \/>\n<meta name=\"twitter:label1\" content=\"Est. reading time\" \/>\n\t<meta name=\"twitter:data1\" content=\"1 minute\" \/>\n<script type=\"application\/ld+json\" class=\"yoast-schema-graph\">{\"@context\":\"https:\/\/schema.org\",\"@graph\":[{\"@type\":\"WebPage\",\"@id\":\"https:\/\/greencontrol-la.com\/en\/nosotros\/\",\"url\":\"https:\/\/greencontrol-la.com\/en\/nosotros\/\",\"name\":\"Nosotros - Greencontrol\",\"isPartOf\":{\"@id\":\"http:\/\/greencontrol-la.com\/#website\"},\"primaryImageOfPage\":{\"@id\":\"https:\/\/greencontrol-la.com\/en\/nosotros\/#primaryimage\"},\"image\":{\"@id\":\"https:\/\/greencontrol-la.com\/en\/nosotros\/#primaryimage\"},\"thumbnailUrl\":\"https:\/\/greencontrol-la.com\/wp-content\/uploads\/2025\/06\/nuevo-mapa.webp\",\"datePublished\":\"2025-06-08T17:19:47+00:00\",\"dateModified\":\"2025-06-26T04:21:09+00:00\",\"description\":\"Es una empresa dedicada a la prestaci\u00f3n de servicios de fumigaci\u00f3n de productos perecibles y no perecibles para el control de plagas.\",\"breadcrumb\":{\"@id\":\"https:\/\/greencontrol-la.com\/en\/nosotros\/#breadcrumb\"},\"inLanguage\":\"en-US\",\"potentialAction\":[{\"@type\":\"ReadAction\",\"target\":[\"https:\/\/greencontrol-la.com\/en\/nosotros\/\"]}]},{\"@type\":\"ImageObject\",\"inLanguage\":\"en-US\",\"@id\":\"https:\/\/greencontrol-la.com\/en\/nosotros\/#primaryimage\",\"url\":\"https:\/\/greencontrol-la.com\/wp-content\/uploads\/2025\/06\/nuevo-mapa.webp\",\"contentUrl\":\"https:\/\/greencontrol-la.com\/wp-content\/uploads\/2025\/06\/nuevo-mapa.webp\",\"width\":1500,\"height\":808},{\"@type\":\"BreadcrumbList\",\"@id\":\"https:\/\/greencontrol-la.com\/en\/nosotros\/#breadcrumb\",\"itemListElement\":[{\"@type\":\"ListItem\",\"position\":1,\"name\":\"Portada\",\"item\":\"http:\/\/greencontrol-la.com\/\"},{\"@type\":\"ListItem\",\"position\":2,\"name\":\"Nosotros\"}]},{\"@type\":\"WebSite\",\"@id\":\"http:\/\/greencontrol-la.com\/#website\",\"url\":\"http:\/\/greencontrol-la.com\/\",\"name\":\"Greencontrol\",\"description\":\"\",\"publisher\":{\"@id\":\"http:\/\/greencontrol-la.com\/#organization\"},\"potentialAction\":[{\"@type\":\"SearchAction\",\"target\":{\"@type\":\"EntryPoint\",\"urlTemplate\":\"http:\/\/greencontrol-la.com\/?s={search_term_string}\"},\"query-input\":{\"@type\":\"PropertyValueSpecification\",\"valueRequired\":true,\"valueName\":\"search_term_string\"}}],\"inLanguage\":\"en-US\"},{\"@type\":\"Organization\",\"@id\":\"http:\/\/greencontrol-la.com\/#organization\",\"name\":\"Greencontrol\",\"url\":\"http:\/\/greencontrol-la.com\/\",\"logo\":{\"@type\":\"ImageObject\",\"inLanguage\":\"en-US\",\"@id\":\"http:\/\/greencontrol-la.com\/#\/schema\/logo\/image\/\",\"url\":\"https:\/\/greencontrol-la.com\/wp-content\/uploads\/2025\/06\/logo-free.png\",\"contentUrl\":\"https:\/\/greencontrol-la.com\/wp-content\/uploads\/2025\/06\/logo-free.png\",\"width\":600,\"height\":111,\"caption\":\"Greencontrol\"},\"image\":{\"@id\":\"http:\/\/greencontrol-la.com\/#\/schema\/logo\/image\/\"},\"sameAs\":[\"https:\/\/www.facebook.com\/greencontrolla\/\",\"https:\/\/x.com\/GreenControl2\"]}]}<\/script>\n<!-- \/ Yoast SEO plugin. -->","yoast_head_json":{"title":"Nosotros - Greencontrol","description":"Es una empresa dedicada a la prestaci\u00f3n de servicios de fumigaci\u00f3n de productos perecibles y no perecibles para el control de plagas.","robots":{"index":"index","follow":"follow","max-snippet":"max-snippet:-1","max-image-preview":"max-image-preview:large","max-video-preview":"max-video-preview:-1"},"canonical":"https:\/\/greencontrol-la.com\/en\/nosotros\/","og_locale":"en_US","og_type":"article","og_title":"Nosotros - Greencontrol","og_description":"Es una empresa dedicada a la prestaci\u00f3n de servicios de fumigaci\u00f3n de productos perecibles y no perecibles para el control de plagas.","og_url":"https:\/\/greencontrol-la.com\/en\/nosotros\/","og_site_name":"Greencontrol","article_publisher":"https:\/\/www.facebook.com\/greencontrolla\/","article_modified_time":"2025-06-26T04:21:09+00:00","og_image":[{"width":1500,"height":808,"url":"https:\/\/greencontrol-la.com\/wp-content\/uploads\/2025\/06\/nuevo-mapa.webp","type":"image\/webp"}],"twitter_card":"summary_large_image","twitter_site":"@GreenControl2","twitter_misc":{"Est. reading time":"1 minute"},"schema":{"@context":"https:\/\/schema.org","@graph":[{"@type":"WebPage","@id":"https:\/\/greencontrol-la.com\/en\/nosotros\/","url":"https:\/\/greencontrol-la.com\/en\/nosotros\/","name":"Nosotros - Greencontrol","isPartOf":{"@id":"http:\/\/greencontrol-la.com\/#website"},"primaryImageOfPage":{"@id":"https:\/\/greencontrol-la.com\/en\/nosotros\/#primaryimage"},"image":{"@id":"https:\/\/greencontrol-la.com\/en\/nosotros\/#primaryimage"},"thumbnailUrl":"https:\/\/greencontrol-la.com\/wp-content\/uploads\/2025\/06\/nuevo-mapa.webp","datePublished":"2025-06-08T17:19:47+00:00","dateModified":"2025-06-26T04:21:09+00:00","description":"Es una empresa dedicada a la prestaci\u00f3n de servicios de fumigaci\u00f3n de productos perecibles y no perecibles para el control de plagas.","breadcrumb":{"@id":"https:\/\/greencontrol-la.com\/en\/nosotros\/#breadcrumb"},"inLanguage":"en-US","potentialAction":[{"@type":"ReadAction","target":["https:\/\/greencontrol-la.com\/en\/nosotros\/"]}]},{"@type":"ImageObject","inLanguage":"en-US","@id":"https:\/\/greencontrol-la.com\/en\/nosotros\/#primaryimage","url":"https:\/\/greencontrol-la.com\/wp-content\/uploads\/2025\/06\/nuevo-mapa.webp","contentUrl":"https:\/\/greencontrol-la.com\/wp-content\/uploads\/2025\/06\/nuevo-mapa.webp","width":1500,"height":808},{"@type":"BreadcrumbList","@id":"https:\/\/greencontrol-la.com\/en\/nosotros\/#breadcrumb","itemListElement":[{"@type":"ListItem","position":1,"name":"Portada","item":"http:\/\/greencontrol-la.com\/"},{"@type":"ListItem","position":2,"name":"Nosotros"}]},{"@type":"WebSite","@id":"http:\/\/greencontrol-la.com\/#website","url":"http:\/\/greencontrol-la.com\/","name":"Greencontrol","description":"","publisher":{"@id":"http:\/\/greencontrol-la.com\/#organization"},"potentialAction":[{"@type":"SearchAction","target":{"@type":"EntryPoint","urlTemplate":"http:\/\/greencontrol-la.com\/?s={search_term_string}"},"query-input":{"@type":"PropertyValueSpecification","valueRequired":true,"valueName":"search_term_string"}}],"inLanguage":"en-US"},{"@type":"Organization","@id":"http:\/\/greencontrol-la.com\/#organization","name":"Greencontrol","url":"http:\/\/greencontrol-la.com\/","logo":{"@type":"ImageObject","inLanguage":"en-US","@id":"http:\/\/greencontrol-la.com\/#\/schema\/logo\/image\/","url":"https:\/\/greencontrol-la.com\/wp-content\/uploads\/2025\/06\/logo-free.png","contentUrl":"https:\/\/greencontrol-la.com\/wp-content\/uploads\/2025\/06\/logo-free.png","width":600,"height":111,"caption":"Greencontrol"},"image":{"@id":"http:\/\/greencontrol-la.com\/#\/schema\/logo\/image\/"},"sameAs":["https:\/\/www.facebook.com\/greencontrolla\/","https:\/\/x.com\/GreenControl2"]}]}},"_links":{"self":[{"href":"https:\/\/greencontrol-la.com\/en\/wp-json\/wp\/v2\/pages\/187","targetHints":{"allow":["GET"]}}],"collection":[{"href":"https:\/\/greencontrol-la.com\/en\/wp-json\/wp\/v2\/pages"}],"about":[{"href":"https:\/\/greencontrol-la.com\/en\/wp-json\/wp\/v2\/types\/page"}],"author":[{"embeddable":true,"href":"https:\/\/greencontrol-la.com\/en\/wp-json\/wp\/v2\/users\/1"}],"replies":[{"embeddable":true,"href":"https:\/\/greencontrol-la.com\/en\/wp-json\/wp\/v2\/comments?post=187"}],"version-history":[{"count":28,"href":"https:\/\/greencontrol-la.com\/en\/wp-json\/wp\/v2\/pages\/187\/revisions"}],"predecessor-version":[{"id":439,"href":"https:\/\/greencontrol-la.com\/en\/wp-json\/wp\/v2\/pages\/187\/revisions\/439"}],"wp:featuredmedia":[{"embeddable":true,"href":"https:\/\/greencontrol-la.com\/en\/wp-json\/wp\/v2\/media\/294"}],"wp:attachment":[{"href":"https:\/\/greencontrol-la.com\/en\/wp-json\/wp\/v2\/media?parent=187"}],"curies":[{"name":"wp","href":"https:\/\/api.w.org\/{rel}","templated":true}]}}