{"id":166,"date":"2025-06-08T11:37:23","date_gmt":"2025-06-08T16:37:23","guid":{"rendered":"https:\/\/greencontrol-la.com\/?page_id=166"},"modified":"2025-09-01T09:28:34","modified_gmt":"2025-09-01T14:28:34","slug":"galeria","status":"publish","type":"page","link":"https:\/\/greencontrol-la.com\/en\/galeria\/","title":{"rendered":"Gallery"},"content":{"rendered":"<div data-elementor-type=\"wp-page\" data-elementor-id=\"166\" class=\"elementor elementor-166\" data-elementor-post-type=\"page\">\n\t\t\t\t<div class=\"elementor-element elementor-element-1a77fa4 e-flex e-con-boxed e-con e-parent\" data-id=\"1a77fa4\" data-element_type=\"container\" data-settings=\"{&quot;background_background&quot;:&quot;classic&quot;}\">\n\t\t\t\t\t<div class=\"e-con-inner\">\n\t\t\t\t<div class=\"elementor-element elementor-element-203af36 elementor-widget elementor-widget-heading\" data-id=\"203af36\" data-element_type=\"widget\" data-widget_type=\"heading.default\">\n\t\t\t\t<div class=\"elementor-widget-container\">\n\t\t\t\t\t<h2 class=\"elementor-heading-title elementor-size-default\">Gallery<\/h2>\t\t\t\t<\/div>\n\t\t\t\t<\/div>\n\t\t\t\t\t<\/div>\n\t\t\t\t<\/div>\n\t\t<div class=\"elementor-element elementor-element-833548a e-flex e-con-boxed e-con e-parent\" data-id=\"833548a\" data-element_type=\"container\">\n\t\t\t\t\t<div class=\"e-con-inner\">\n\t\t<div class=\"elementor-element elementor-element-18db27b e-con-full e-flex e-con e-child\" data-id=\"18db27b\" data-element_type=\"container\">\n\t\t\t\t<div class=\"elementor-element elementor-element-e6352a3 elementor-flip-box--effect-push elementor-flip-box--direction-left elementor-widget elementor-widget-flip-box\" data-id=\"e6352a3\" data-element_type=\"widget\" data-widget_type=\"flip-box.default\">\n\t\t\t\t<div class=\"elementor-widget-container\">\n\t\t\t\t\t\t\t<div class=\"elementor-flip-box\" tabindex=\"0\">\n\t\t\t<div class=\"elementor-flip-box__layer elementor-flip-box__front\">\n\t\t\t\t<div class=\"elementor-flip-box__layer__overlay\">\n\t\t\t\t\t<div class=\"elementor-flip-box__layer__inner\">\n\t\t\t\t\t\t\n\t\t\t\t\t\t\n\t\t\t\t\t\t\t\t\t\t\t<\/div>\n\t\t\t\t<\/div>\n\t\t\t<\/div>\n\t\t\t<div class=\"elementor-flip-box__layer elementor-flip-box__back\">\n\t\t\t<div class=\"elementor-flip-box__layer__overlay\">\n\t\t\t\t<div class=\"elementor-flip-box__layer__inner\">\n\t\t\t\t\t\t\t\t\t\t\t<h3 class=\"elementor-flip-box__layer__title\">\n\t\t\t\t\t\t\tComputers HDS, camera fumigation and fumitrace\t\t\t\t\t\t<\/h3>\n\t\t\t\t\t\n\t\t\t\t\t\t\t\t\t\t\t<div class=\"elementor-flip-box__layer__description\">\n\t\t\t\t\t\t\tGreenControl-LA opera, with cutting-edge technology in the world for the control of pests of quarantine significance in the agroexportaci\u00f3n and stored products.\t\t\t\t\t\t<\/div>\n\t\t\t\t\t\n\t\t\t\t\t\t\t\t<\/div>\n\t\t<\/div>\n\t\t<\/div>\n\t\t<\/div>\n\t\t\t\t\t\t<\/div>\n\t\t\t\t<\/div>\n\t\t\t\t<\/div>\n\t\t<div class=\"elementor-element elementor-element-2067b17 e-con-full e-flex e-con e-child\" data-id=\"2067b17\" data-element_type=\"container\">\n\t\t\t\t<div class=\"elementor-element elementor-element-0d99e21 elementor-flip-box--effect-push elementor-flip-box--direction-left elementor-widget elementor-widget-flip-box\" data-id=\"0d99e21\" data-element_type=\"widget\" data-widget_type=\"flip-box.default\">\n\t\t\t\t<div class=\"elementor-widget-container\">\n\t\t\t\t\t\t\t<div class=\"elementor-flip-box\" tabindex=\"0\">\n\t\t\t<div class=\"elementor-flip-box__layer elementor-flip-box__front\">\n\t\t\t\t<div class=\"elementor-flip-box__layer__overlay\">\n\t\t\t\t\t<div class=\"elementor-flip-box__layer__inner\">\n\t\t\t\t\t\t\n\t\t\t\t\t\t\n\t\t\t\t\t\t\t\t\t\t\t<\/div>\n\t\t\t\t<\/div>\n\t\t\t<\/div>\n\t\t\t<div class=\"elementor-flip-box__layer elementor-flip-box__back\">\n\t\t\t<div class=\"elementor-flip-box__layer__overlay\">\n\t\t\t\t<div class=\"elementor-flip-box__layer__inner\">\n\t\t\t\t\t\t\t\t\t\t\t<h3 class=\"elementor-flip-box__layer__title\">\n\t\t\t\t\t\t\tHDS\t\t\t\t\t\t<\/h3>\n\t\t\t\t\t\n\t\t\t\t\t\t\t\t\t\t\t<div class=\"elementor-flip-box__layer__description\">\n\t\t\t\t\t\t\tThe Horn Diluphos System more commonly known as the HDS is a computer that allows the dilution of phosphine pure liquid in cylinders in sealable chambers for the control of pests. \t\t\t\t\t\t<\/div>\n\t\t\t\t\t\n\t\t\t\t\t\t\t\t<\/div>\n\t\t<\/div>\n\t\t<\/div>\n\t\t<\/div>\n\t\t\t\t\t\t<\/div>\n\t\t\t\t<\/div>\n\t\t\t\t<\/div>\n\t\t<div class=\"elementor-element elementor-element-dd0095c e-con-full e-flex e-con e-child\" data-id=\"dd0095c\" data-element_type=\"container\">\n\t\t\t\t<div class=\"elementor-element elementor-element-194b265 elementor-flip-box--effect-push elementor-flip-box--direction-left elementor-widget elementor-widget-flip-box\" data-id=\"194b265\" data-element_type=\"widget\" data-widget_type=\"flip-box.default\">\n\t\t\t\t<div class=\"elementor-widget-container\">\n\t\t\t\t\t\t\t<div class=\"elementor-flip-box\" tabindex=\"0\">\n\t\t\t<div class=\"elementor-flip-box__layer elementor-flip-box__front\">\n\t\t\t\t<div class=\"elementor-flip-box__layer__overlay\">\n\t\t\t\t\t<div class=\"elementor-flip-box__layer__inner\">\n\t\t\t\t\t\t\n\t\t\t\t\t\t\n\t\t\t\t\t\t\t\t\t\t\t<\/div>\n\t\t\t\t<\/div>\n\t\t\t<\/div>\n\t\t\t<div class=\"elementor-flip-box__layer elementor-flip-box__back\">\n\t\t\t<div class=\"elementor-flip-box__layer__overlay\">\n\t\t\t\t<div class=\"elementor-flip-box__layer__inner\">\n\t\t\t\t\t\t\t\t\t\t\t<h3 class=\"elementor-flip-box__layer__title\">\n\t\t\t\t\t\t\tTreatment center\t\t\t\t\t\t<\/h3>\n\t\t\t\t\t\n\t\t\t\t\t\t\t\t\t\t\t<div class=\"elementor-flip-box__layer__description\">\n\t\t\t\t\t\t\tGreenControl-LA opera in Guayaquil Ecuador and has cameras with control of temperature and gases, to the control of pests of quarantine significance in the Agroexportaci\u00f3n\t\t\t\t\t\t<\/div>\n\t\t\t\t\t\n\t\t\t\t\t\t\t\t<\/div>\n\t\t<\/div>\n\t\t<\/div>\n\t\t<\/div>\n\t\t\t\t\t\t<\/div>\n\t\t\t\t<\/div>\n\t\t\t\t<\/div>\n\t\t\t\t\t<\/div>\n\t\t\t\t<\/div>\n\t\t<div class=\"elementor-element elementor-element-c93c6a6 e-flex e-con-boxed e-con e-parent\" data-id=\"c93c6a6\" data-element_type=\"container\">\n\t\t\t\t\t<div class=\"e-con-inner\">\n\t\t<div class=\"elementor-element elementor-element-7e7bbcc e-con-full e-flex e-con e-child\" data-id=\"7e7bbcc\" data-element_type=\"container\">\n\t\t\t\t<div class=\"elementor-element elementor-element-bccfb61 elementor-flip-box--effect-push elementor-flip-box--direction-left elementor-widget elementor-widget-flip-box\" data-id=\"bccfb61\" data-element_type=\"widget\" data-widget_type=\"flip-box.default\">\n\t\t\t\t<div class=\"elementor-widget-container\">\n\t\t\t\t\t\t\t<div class=\"elementor-flip-box\" tabindex=\"0\">\n\t\t\t<div class=\"elementor-flip-box__layer elementor-flip-box__front\">\n\t\t\t\t<div class=\"elementor-flip-box__layer__overlay\">\n\t\t\t\t\t<div class=\"elementor-flip-box__layer__inner\">\n\t\t\t\t\t\t\n\t\t\t\t\t\t\n\t\t\t\t\t\t\t\t\t\t\t<\/div>\n\t\t\t\t<\/div>\n\t\t\t<\/div>\n\t\t\t<div class=\"elementor-flip-box__layer elementor-flip-box__back\">\n\t\t\t<div class=\"elementor-flip-box__layer__overlay\">\n\t\t\t\t<div class=\"elementor-flip-box__layer__inner\">\n\t\t\t\t\t\t\t\t\t\t\t<h3 class=\"elementor-flip-box__layer__title\">\n\t\t\t\t\t\t\tSealed chamber\t\t\t\t\t\t<\/h3>\n\t\t\t\t\t\n\t\t\t\t\t\t\t\t\t\t\t<div class=\"elementor-flip-box__layer__description\">\n\t\t\t\t\t\t\tThe cameras airtight fumigation are mobile devices that allow the safe application of phosphine pure in the cylinder. Our technology does not pollute the Environment and leaves no traces toxic chemical in the food.\t\t\t\t\t\t<\/div>\n\t\t\t\t\t\n\t\t\t\t\t\t\t\t<\/div>\n\t\t<\/div>\n\t\t<\/div>\n\t\t<\/div>\n\t\t\t\t\t\t<\/div>\n\t\t\t\t<\/div>\n\t\t\t\t<\/div>\n\t\t<div class=\"elementor-element elementor-element-a25132c e-con-full e-flex e-con e-child\" data-id=\"a25132c\" data-element_type=\"container\">\n\t\t\t\t<div class=\"elementor-element elementor-element-fec163c elementor-flip-box--effect-push elementor-flip-box--direction-left elementor-widget elementor-widget-flip-box\" data-id=\"fec163c\" data-element_type=\"widget\" data-widget_type=\"flip-box.default\">\n\t\t\t\t<div class=\"elementor-widget-container\">\n\t\t\t\t\t\t\t<div class=\"elementor-flip-box\" tabindex=\"0\">\n\t\t\t<div class=\"elementor-flip-box__layer elementor-flip-box__front\">\n\t\t\t\t<div class=\"elementor-flip-box__layer__overlay\">\n\t\t\t\t\t<div class=\"elementor-flip-box__layer__inner\">\n\t\t\t\t\t\t\n\t\t\t\t\t\t\n\t\t\t\t\t\t\t\t\t\t\t<\/div>\n\t\t\t\t<\/div>\n\t\t\t<\/div>\n\t\t\t<div class=\"elementor-flip-box__layer elementor-flip-box__back\">\n\t\t\t<div class=\"elementor-flip-box__layer__overlay\">\n\t\t\t\t<div class=\"elementor-flip-box__layer__inner\">\n\t\t\t\t\t\t\t\t\t\t\t<h3 class=\"elementor-flip-box__layer__title\">\n\t\t\t\t\t\t\tOur wineries\t\t\t\t\t\t<\/h3>\n\t\t\t\t\t\n\t\t\t\t\t\t\t\t\t\t\t<div class=\"elementor-flip-box__layer__description\">\n\t\t\t\t\t\t\tThey are located in the sector of the airport\t\t\t\t\t\t<\/div>\n\t\t\t\t\t\n\t\t\t\t\t\t\t\t<\/div>\n\t\t<\/div>\n\t\t<\/div>\n\t\t<\/div>\n\t\t\t\t\t\t<\/div>\n\t\t\t\t<\/div>\n\t\t\t\t<\/div>\n\t\t<div class=\"elementor-element elementor-element-8ce4bfa e-con-full e-flex e-con e-child\" data-id=\"8ce4bfa\" data-element_type=\"container\">\n\t\t\t\t<div class=\"elementor-element elementor-element-408c8e6 elementor-flip-box--effect-push elementor-flip-box--direction-left elementor-widget elementor-widget-flip-box\" data-id=\"408c8e6\" data-element_type=\"widget\" data-widget_type=\"flip-box.default\">\n\t\t\t\t<div class=\"elementor-widget-container\">\n\t\t\t\t\t\t\t<div class=\"elementor-flip-box\" tabindex=\"0\">\n\t\t\t<div class=\"elementor-flip-box__layer elementor-flip-box__front\">\n\t\t\t\t<div class=\"elementor-flip-box__layer__overlay\">\n\t\t\t\t\t<div class=\"elementor-flip-box__layer__inner\">\n\t\t\t\t\t\t\n\t\t\t\t\t\t\n\t\t\t\t\t\t\t\t\t\t\t<\/div>\n\t\t\t\t<\/div>\n\t\t\t<\/div>\n\t\t\t<div class=\"elementor-flip-box__layer elementor-flip-box__back\">\n\t\t\t<div class=\"elementor-flip-box__layer__overlay\">\n\t\t\t\t<div class=\"elementor-flip-box__layer__inner\">\n\t\t\t\t\t\t\t\t\t\t\t<h3 class=\"elementor-flip-box__layer__title\">\n\t\t\t\t\t\t\tTeams\t\t\t\t\t\t<\/h3>\n\t\t\t\t\t\n\t\t\t\t\t\t\t\t\t\t\t<div class=\"elementor-flip-box__layer__description\">\n\t\t\t\t\t\t\tWe have high-tech equipment\t\t\t\t\t\t<\/div>\n\t\t\t\t\t\n\t\t\t\t\t\t\t\t<\/div>\n\t\t<\/div>\n\t\t<\/div>\n\t\t<\/div>\n\t\t\t\t\t\t<\/div>\n\t\t\t\t<\/div>\n\t\t\t\t<\/div>\n\t\t\t\t\t<\/div>\n\t\t\t\t<\/div>\n\t\t<div class=\"elementor-element elementor-element-10fe120 e-flex e-con-boxed e-con e-parent\" data-id=\"10fe120\" data-element_type=\"container\">\n\t\t\t\t\t<div class=\"e-con-inner\">\n\t\t<div class=\"elementor-element elementor-element-baa7b05 e-con-full e-flex e-con e-child\" data-id=\"baa7b05\" data-element_type=\"container\">\n\t\t\t\t<div class=\"elementor-element elementor-element-bdd11e5 elementor-flip-box--effect-push elementor-flip-box--direction-left elementor-widget elementor-widget-flip-box\" data-id=\"bdd11e5\" data-element_type=\"widget\" data-widget_type=\"flip-box.default\">\n\t\t\t\t<div class=\"elementor-widget-container\">\n\t\t\t\t\t\t\t<div class=\"elementor-flip-box\" tabindex=\"0\">\n\t\t\t<div class=\"elementor-flip-box__layer elementor-flip-box__front\">\n\t\t\t\t<div class=\"elementor-flip-box__layer__overlay\">\n\t\t\t\t\t<div class=\"elementor-flip-box__layer__inner\">\n\t\t\t\t\t\t\n\t\t\t\t\t\t\n\t\t\t\t\t\t\t\t\t\t\t<\/div>\n\t\t\t\t<\/div>\n\t\t\t<\/div>\n\t\t\t<div class=\"elementor-flip-box__layer elementor-flip-box__back\">\n\t\t\t<div class=\"elementor-flip-box__layer__overlay\">\n\t\t\t\t<div class=\"elementor-flip-box__layer__inner\">\n\t\t\t\t\t\t\t\t\t\t\t<h3 class=\"elementor-flip-box__layer__title\">\n\t\t\t\t\t\t\tEthylene meter\t\t\t\t\t\t<\/h3>\n\t\t\t\t\t\n\t\t\t\t\t\t\t\t\t\t\t<div class=\"elementor-flip-box__layer__description\">\n\t\t\t\t\t\t\tEthylene is the ripening hormone of flowers and fruits and its control in storage is vital to prevent the deterioration of perishable.\t\t\t\t\t\t<\/div>\n\t\t\t\t\t\n\t\t\t\t\t\t\t\t<\/div>\n\t\t<\/div>\n\t\t<\/div>\n\t\t<\/div>\n\t\t\t\t\t\t<\/div>\n\t\t\t\t<\/div>\n\t\t\t\t<\/div>\n\t\t<div class=\"elementor-element elementor-element-4324d9c e-con-full e-flex e-con e-child\" data-id=\"4324d9c\" data-element_type=\"container\">\n\t\t\t\t<div class=\"elementor-element elementor-element-e37a56f elementor-flip-box--effect-push elementor-flip-box--direction-left elementor-widget elementor-widget-flip-box\" data-id=\"e37a56f\" data-element_type=\"widget\" data-widget_type=\"flip-box.default\">\n\t\t\t\t<div class=\"elementor-widget-container\">\n\t\t\t\t\t\t\t<div class=\"elementor-flip-box\" tabindex=\"0\">\n\t\t\t<div class=\"elementor-flip-box__layer elementor-flip-box__front\">\n\t\t\t\t<div class=\"elementor-flip-box__layer__overlay\">\n\t\t\t\t\t<div class=\"elementor-flip-box__layer__inner\">\n\t\t\t\t\t\t\n\t\t\t\t\t\t\n\t\t\t\t\t\t\t\t\t\t\t<\/div>\n\t\t\t\t<\/div>\n\t\t\t<\/div>\n\t\t\t<div class=\"elementor-flip-box__layer elementor-flip-box__back\">\n\t\t\t<div class=\"elementor-flip-box__layer__overlay\">\n\t\t\t\t<div class=\"elementor-flip-box__layer__inner\">\n\t\t\t\t\t\t\t\t\t\t\t<h3 class=\"elementor-flip-box__layer__title\">\n\t\t\t\t\t\t\tBiofactories,\t\t\t\t\t\t<\/h3>\n\t\t\t\t\t\n\t\t\t\t\t\t\t\t\t\t\t<div class=\"elementor-flip-box__layer__description\">\n\t\t\t\t\t\t\tBiological products for organic production.\t\t\t\t\t\t<\/div>\n\t\t\t\t\t\n\t\t\t\t\t\t\t\t<\/div>\n\t\t<\/div>\n\t\t<\/div>\n\t\t<\/div>\n\t\t\t\t\t\t<\/div>\n\t\t\t\t<\/div>\n\t\t\t\t<\/div>\n\t\t<div class=\"elementor-element elementor-element-01b381b e-con-full e-flex e-con e-child\" data-id=\"01b381b\" data-element_type=\"container\">\n\t\t\t\t<div class=\"elementor-element elementor-element-1e4a556 elementor-flip-box--effect-push elementor-flip-box--direction-left elementor-widget elementor-widget-flip-box\" data-id=\"1e4a556\" data-element_type=\"widget\" data-widget_type=\"flip-box.default\">\n\t\t\t\t<div class=\"elementor-widget-container\">\n\t\t\t\t\t\t\t<div class=\"elementor-flip-box\" tabindex=\"0\">\n\t\t\t<div class=\"elementor-flip-box__layer elementor-flip-box__front\">\n\t\t\t\t<div class=\"elementor-flip-box__layer__overlay\">\n\t\t\t\t\t<div class=\"elementor-flip-box__layer__inner\">\n\t\t\t\t\t\t\n\t\t\t\t\t\t\n\t\t\t\t\t\t\t\t\t\t\t<\/div>\n\t\t\t\t<\/div>\n\t\t\t<\/div>\n\t\t\t<div class=\"elementor-flip-box__layer elementor-flip-box__back\">\n\t\t\t<div class=\"elementor-flip-box__layer__overlay\">\n\t\t\t\t<div class=\"elementor-flip-box__layer__inner\">\n\t\t\t\t\t\t\t\t\t\t\t<h3 class=\"elementor-flip-box__layer__title\">\n\t\t\t\t\t\t\tAnaerobic fermentation.\t\t\t\t\t\t<\/h3>\n\t\t\t\t\t\n\t\t\t\t\t\t\t\t\t\t\t<div class=\"elementor-flip-box__layer__description\">\n\t\t\t\t\t\t\tIsolation of microorganisms, reproduction.\t\t\t\t\t\t<\/div>\n\t\t\t\t\t\n\t\t\t\t\t\t\t\t<\/div>\n\t\t<\/div>\n\t\t<\/div>\n\t\t<\/div>\n\t\t\t\t\t\t<\/div>\n\t\t\t\t<\/div>\n\t\t\t\t<\/div>\n\t\t\t\t\t<\/div>\n\t\t\t\t<\/div>\n\t\t<div class=\"elementor-element elementor-element-81c35a0 e-flex e-con-boxed e-con e-parent\" data-id=\"81c35a0\" data-element_type=\"container\">\n\t\t\t\t\t<div class=\"e-con-inner\">\n\t\t<div class=\"elementor-element elementor-element-c419010 e-con-full e-flex e-con e-child\" data-id=\"c419010\" data-element_type=\"container\">\n\t\t\t\t<div class=\"elementor-element elementor-element-bdeaebf elementor-flip-box--effect-push elementor-flip-box--direction-left elementor-widget elementor-widget-flip-box\" data-id=\"bdeaebf\" data-element_type=\"widget\" data-widget_type=\"flip-box.default\">\n\t\t\t\t<div class=\"elementor-widget-container\">\n\t\t\t\t\t\t\t<div class=\"elementor-flip-box\" tabindex=\"0\">\n\t\t\t<div class=\"elementor-flip-box__layer elementor-flip-box__front\">\n\t\t\t\t<div class=\"elementor-flip-box__layer__overlay\">\n\t\t\t\t\t<div class=\"elementor-flip-box__layer__inner\">\n\t\t\t\t\t\t\n\t\t\t\t\t\t\n\t\t\t\t\t\t\t\t\t\t\t<\/div>\n\t\t\t\t<\/div>\n\t\t\t<\/div>\n\t\t\t<div class=\"elementor-flip-box__layer elementor-flip-box__back\">\n\t\t\t<div class=\"elementor-flip-box__layer__overlay\">\n\t\t\t\t<div class=\"elementor-flip-box__layer__inner\">\n\t\t\t\t\t\t\t\t\t\t\t<h3 class=\"elementor-flip-box__layer__title\">\n\t\t\t\t\t\t\tOrganic fertilizer.\t\t\t\t\t\t<\/h3>\n\t\t\t\t\t\n\t\t\t\t\t\t\t\t\t\t\t<div class=\"elementor-flip-box__layer__description\">\n\t\t\t\t\t\t\tOrganic fertilizer with aerobic fermentation and rock flour for mineral enrichment.\t\t\t\t\t\t<\/div>\n\t\t\t\t\t\n\t\t\t\t\t\t\t\t<\/div>\n\t\t<\/div>\n\t\t<\/div>\n\t\t<\/div>\n\t\t\t\t\t\t<\/div>\n\t\t\t\t<\/div>\n\t\t\t\t<\/div>\n\t\t<div class=\"elementor-element elementor-element-2c7424a e-con-full e-flex e-con e-child\" data-id=\"2c7424a\" data-element_type=\"container\">\n\t\t\t\t<\/div>\n\t\t<div class=\"elementor-element elementor-element-b03f627 e-con-full e-flex e-con e-child\" data-id=\"b03f627\" data-element_type=\"container\">\n\t\t\t\t<\/div>\n\t\t\t\t\t<\/div>\n\t\t\t\t<\/div>\n\t\t\t\t<\/div>","protected":false},"excerpt":{"rendered":"<p>Galer\u00eda Equipos HDS, c\u00e1mara de fumigaci\u00f3n y fumitrace GreenControl-LA opera con tecnolog\u00eda de punta en el mundo para el control de plagas de importancia cuarentenaria en la agroexportaci\u00f3n\u00a0 y productos almacenados. HDS El Horn Diluphos System mas conocido como el HDS es un equipo que permite la diluci\u00f3n de fosfina l\u00edquida pura en cilindros en [&hellip;]<\/p>","protected":false},"author":1,"featured_media":10,"parent":0,"menu_order":0,"comment_status":"closed","ping_status":"closed","template":"elementor_header_footer","meta":{"footnotes":""},"class_list":["post-166","page","type-page","status-publish","has-post-thumbnail","hentry"],"yoast_head":"<!-- This site is optimized with the Yoast SEO plugin v25.3.1 - https:\/\/yoast.com\/wordpress\/plugins\/seo\/ -->\n<title>Galer\u00eda - Greencontrol<\/title>\n<meta name=\"description\" content=\"Equipos HDS, c\u00e1mara de fumigaci\u00f3n y fumitrace, centro de tratamientos, c\u00e1mara herm\u00e9tica, nuestras bodegas, entre otras\" \/>\n<meta name=\"robots\" content=\"index, follow, max-snippet:-1, max-image-preview:large, max-video-preview:-1\" \/>\n<link rel=\"canonical\" href=\"https:\/\/greencontrol-la.com\/en\/galeria\/\" \/>\n<meta property=\"og:locale\" content=\"en_US\" \/>\n<meta property=\"og:type\" content=\"article\" \/>\n<meta property=\"og:title\" content=\"Galer\u00eda - Greencontrol\" \/>\n<meta property=\"og:description\" content=\"Equipos HDS, c\u00e1mara de fumigaci\u00f3n y fumitrace, centro de tratamientos, c\u00e1mara herm\u00e9tica, nuestras bodegas, entre otras\" \/>\n<meta property=\"og:url\" content=\"https:\/\/greencontrol-la.com\/en\/galeria\/\" \/>\n<meta property=\"og:site_name\" content=\"Greencontrol\" \/>\n<meta property=\"article:publisher\" content=\"https:\/\/www.facebook.com\/greencontrolla\/\" \/>\n<meta property=\"article:modified_time\" content=\"2025-09-01T14:28:34+00:00\" \/>\n<meta property=\"og:image\" content=\"https:\/\/greencontrol-la.com\/wp-content\/uploads\/2025\/06\/logo.png\" \/>\n\t<meta property=\"og:image:width\" content=\"200\" \/>\n\t<meta property=\"og:image:height\" content=\"192\" \/>\n\t<meta property=\"og:image:type\" content=\"image\/png\" \/>\n<meta name=\"twitter:card\" content=\"summary_large_image\" \/>\n<meta name=\"twitter:site\" content=\"@GreenControl2\" \/>\n<meta name=\"twitter:label1\" content=\"Est. reading time\" \/>\n\t<meta name=\"twitter:data1\" content=\"1 minute\" \/>\n<script type=\"application\/ld+json\" class=\"yoast-schema-graph\">{\"@context\":\"https:\/\/schema.org\",\"@graph\":[{\"@type\":\"WebPage\",\"@id\":\"https:\/\/greencontrol-la.com\/en\/galeria\/\",\"url\":\"https:\/\/greencontrol-la.com\/en\/galeria\/\",\"name\":\"Galer\u00eda - Greencontrol\",\"isPartOf\":{\"@id\":\"http:\/\/greencontrol-la.com\/#website\"},\"primaryImageOfPage\":{\"@id\":\"https:\/\/greencontrol-la.com\/en\/galeria\/#primaryimage\"},\"image\":{\"@id\":\"https:\/\/greencontrol-la.com\/en\/galeria\/#primaryimage\"},\"thumbnailUrl\":\"https:\/\/greencontrol-la.com\/wp-content\/uploads\/2025\/06\/logo.png\",\"datePublished\":\"2025-06-08T16:37:23+00:00\",\"dateModified\":\"2025-09-01T14:28:34+00:00\",\"description\":\"Equipos HDS, c\u00e1mara de fumigaci\u00f3n y fumitrace, centro de tratamientos, c\u00e1mara herm\u00e9tica, nuestras bodegas, entre otras\",\"breadcrumb\":{\"@id\":\"https:\/\/greencontrol-la.com\/en\/galeria\/#breadcrumb\"},\"inLanguage\":\"en-US\",\"potentialAction\":[{\"@type\":\"ReadAction\",\"target\":[\"https:\/\/greencontrol-la.com\/en\/galeria\/\"]}]},{\"@type\":\"ImageObject\",\"inLanguage\":\"en-US\",\"@id\":\"https:\/\/greencontrol-la.com\/en\/galeria\/#primaryimage\",\"url\":\"https:\/\/greencontrol-la.com\/wp-content\/uploads\/2025\/06\/logo.png\",\"contentUrl\":\"https:\/\/greencontrol-la.com\/wp-content\/uploads\/2025\/06\/logo.png\",\"width\":200,\"height\":192},{\"@type\":\"BreadcrumbList\",\"@id\":\"https:\/\/greencontrol-la.com\/en\/galeria\/#breadcrumb\",\"itemListElement\":[{\"@type\":\"ListItem\",\"position\":1,\"name\":\"Portada\",\"item\":\"http:\/\/greencontrol-la.com\/\"},{\"@type\":\"ListItem\",\"position\":2,\"name\":\"Galer\u00eda\"}]},{\"@type\":\"WebSite\",\"@id\":\"http:\/\/greencontrol-la.com\/#website\",\"url\":\"http:\/\/greencontrol-la.com\/\",\"name\":\"Greencontrol\",\"description\":\"\",\"publisher\":{\"@id\":\"http:\/\/greencontrol-la.com\/#organization\"},\"potentialAction\":[{\"@type\":\"SearchAction\",\"target\":{\"@type\":\"EntryPoint\",\"urlTemplate\":\"http:\/\/greencontrol-la.com\/?s={search_term_string}\"},\"query-input\":{\"@type\":\"PropertyValueSpecification\",\"valueRequired\":true,\"valueName\":\"search_term_string\"}}],\"inLanguage\":\"en-US\"},{\"@type\":\"Organization\",\"@id\":\"http:\/\/greencontrol-la.com\/#organization\",\"name\":\"Greencontrol\",\"url\":\"http:\/\/greencontrol-la.com\/\",\"logo\":{\"@type\":\"ImageObject\",\"inLanguage\":\"en-US\",\"@id\":\"http:\/\/greencontrol-la.com\/#\/schema\/logo\/image\/\",\"url\":\"https:\/\/greencontrol-la.com\/wp-content\/uploads\/2025\/06\/logo-free.png\",\"contentUrl\":\"https:\/\/greencontrol-la.com\/wp-content\/uploads\/2025\/06\/logo-free.png\",\"width\":600,\"height\":111,\"caption\":\"Greencontrol\"},\"image\":{\"@id\":\"http:\/\/greencontrol-la.com\/#\/schema\/logo\/image\/\"},\"sameAs\":[\"https:\/\/www.facebook.com\/greencontrolla\/\",\"https:\/\/x.com\/GreenControl2\"]}]}<\/script>\n<!-- \/ Yoast SEO plugin. -->","yoast_head_json":{"title":"Galer\u00eda - Greencontrol","description":"Equipos HDS, c\u00e1mara de fumigaci\u00f3n y fumitrace, centro de tratamientos, c\u00e1mara herm\u00e9tica, nuestras bodegas, entre otras","robots":{"index":"index","follow":"follow","max-snippet":"max-snippet:-1","max-image-preview":"max-image-preview:large","max-video-preview":"max-video-preview:-1"},"canonical":"https:\/\/greencontrol-la.com\/en\/galeria\/","og_locale":"en_US","og_type":"article","og_title":"Galer\u00eda - Greencontrol","og_description":"Equipos HDS, c\u00e1mara de fumigaci\u00f3n y fumitrace, centro de tratamientos, c\u00e1mara herm\u00e9tica, nuestras bodegas, entre otras","og_url":"https:\/\/greencontrol-la.com\/en\/galeria\/","og_site_name":"Greencontrol","article_publisher":"https:\/\/www.facebook.com\/greencontrolla\/","article_modified_time":"2025-09-01T14:28:34+00:00","og_image":[{"width":200,"height":192,"url":"https:\/\/greencontrol-la.com\/wp-content\/uploads\/2025\/06\/logo.png","type":"image\/png"}],"twitter_card":"summary_large_image","twitter_site":"@GreenControl2","twitter_misc":{"Est. reading time":"1 minute"},"schema":{"@context":"https:\/\/schema.org","@graph":[{"@type":"WebPage","@id":"https:\/\/greencontrol-la.com\/en\/galeria\/","url":"https:\/\/greencontrol-la.com\/en\/galeria\/","name":"Galer\u00eda - Greencontrol","isPartOf":{"@id":"http:\/\/greencontrol-la.com\/#website"},"primaryImageOfPage":{"@id":"https:\/\/greencontrol-la.com\/en\/galeria\/#primaryimage"},"image":{"@id":"https:\/\/greencontrol-la.com\/en\/galeria\/#primaryimage"},"thumbnailUrl":"https:\/\/greencontrol-la.com\/wp-content\/uploads\/2025\/06\/logo.png","datePublished":"2025-06-08T16:37:23+00:00","dateModified":"2025-09-01T14:28:34+00:00","description":"Equipos HDS, c\u00e1mara de fumigaci\u00f3n y fumitrace, centro de tratamientos, c\u00e1mara herm\u00e9tica, nuestras bodegas, entre otras","breadcrumb":{"@id":"https:\/\/greencontrol-la.com\/en\/galeria\/#breadcrumb"},"inLanguage":"en-US","potentialAction":[{"@type":"ReadAction","target":["https:\/\/greencontrol-la.com\/en\/galeria\/"]}]},{"@type":"ImageObject","inLanguage":"en-US","@id":"https:\/\/greencontrol-la.com\/en\/galeria\/#primaryimage","url":"https:\/\/greencontrol-la.com\/wp-content\/uploads\/2025\/06\/logo.png","contentUrl":"https:\/\/greencontrol-la.com\/wp-content\/uploads\/2025\/06\/logo.png","width":200,"height":192},{"@type":"BreadcrumbList","@id":"https:\/\/greencontrol-la.com\/en\/galeria\/#breadcrumb","itemListElement":[{"@type":"ListItem","position":1,"name":"Portada","item":"http:\/\/greencontrol-la.com\/"},{"@type":"ListItem","position":2,"name":"Galer\u00eda"}]},{"@type":"WebSite","@id":"http:\/\/greencontrol-la.com\/#website","url":"http:\/\/greencontrol-la.com\/","name":"Greencontrol","description":"","publisher":{"@id":"http:\/\/greencontrol-la.com\/#organization"},"potentialAction":[{"@type":"SearchAction","target":{"@type":"EntryPoint","urlTemplate":"http:\/\/greencontrol-la.com\/?s={search_term_string}"},"query-input":{"@type":"PropertyValueSpecification","valueRequired":true,"valueName":"search_term_string"}}],"inLanguage":"en-US"},{"@type":"Organization","@id":"http:\/\/greencontrol-la.com\/#organization","name":"Greencontrol","url":"http:\/\/greencontrol-la.com\/","logo":{"@type":"ImageObject","inLanguage":"en-US","@id":"http:\/\/greencontrol-la.com\/#\/schema\/logo\/image\/","url":"https:\/\/greencontrol-la.com\/wp-content\/uploads\/2025\/06\/logo-free.png","contentUrl":"https:\/\/greencontrol-la.com\/wp-content\/uploads\/2025\/06\/logo-free.png","width":600,"height":111,"caption":"Greencontrol"},"image":{"@id":"http:\/\/greencontrol-la.com\/#\/schema\/logo\/image\/"},"sameAs":["https:\/\/www.facebook.com\/greencontrolla\/","https:\/\/x.com\/GreenControl2"]}]}},"_links":{"self":[{"href":"https:\/\/greencontrol-la.com\/en\/wp-json\/wp\/v2\/pages\/166","targetHints":{"allow":["GET"]}}],"collection":[{"href":"https:\/\/greencontrol-la.com\/en\/wp-json\/wp\/v2\/pages"}],"about":[{"href":"https:\/\/greencontrol-la.com\/en\/wp-json\/wp\/v2\/types\/page"}],"author":[{"embeddable":true,"href":"https:\/\/greencontrol-la.com\/en\/wp-json\/wp\/v2\/users\/1"}],"replies":[{"embeddable":true,"href":"https:\/\/greencontrol-la.com\/en\/wp-json\/wp\/v2\/comments?post=166"}],"version-history":[{"count":34,"href":"https:\/\/greencontrol-la.com\/en\/wp-json\/wp\/v2\/pages\/166\/revisions"}],"predecessor-version":[{"id":496,"href":"https:\/\/greencontrol-la.com\/en\/wp-json\/wp\/v2\/pages\/166\/revisions\/496"}],"wp:featuredmedia":[{"embeddable":true,"href":"https:\/\/greencontrol-la.com\/en\/wp-json\/wp\/v2\/media\/10"}],"wp:attachment":[{"href":"https:\/\/greencontrol-la.com\/en\/wp-json\/wp\/v2\/media?parent=166"}],"curies":[{"name":"wp","href":"https:\/\/api.w.org\/{rel}","templated":true}]}}