{"id":141,"date":"2025-06-08T10:39:26","date_gmt":"2025-06-08T15:39:26","guid":{"rendered":"https:\/\/greencontrol-la.com\/?page_id=141"},"modified":"2025-06-26T09:39:09","modified_gmt":"2025-06-26T14:39:09","slug":"contactos","status":"publish","type":"page","link":"https:\/\/greencontrol-la.com\/en\/contactos\/","title":{"rendered":"Contacts"},"content":{"rendered":"<div data-elementor-type=\"wp-page\" data-elementor-id=\"141\" class=\"elementor elementor-141\" data-elementor-post-type=\"page\">\n\t\t\t\t<div class=\"elementor-element elementor-element-d18a3ce e-flex e-con-boxed e-con e-parent\" data-id=\"d18a3ce\" data-element_type=\"container\" data-settings=\"{&quot;background_background&quot;:&quot;classic&quot;}\">\n\t\t\t\t\t<div class=\"e-con-inner\">\n\t\t\t\t<div class=\"elementor-element elementor-element-23ed4c8 elementor-widget elementor-widget-heading\" data-id=\"23ed4c8\" data-element_type=\"widget\" data-widget_type=\"heading.default\">\n\t\t\t\t<div class=\"elementor-widget-container\">\n\t\t\t\t\t<h2 class=\"elementor-heading-title elementor-size-default\">Contact us<\/h2>\t\t\t\t<\/div>\n\t\t\t\t<\/div>\n\t\t\t\t\t<\/div>\n\t\t\t\t<\/div>\n\t\t<div class=\"elementor-element elementor-element-6183269 e-flex e-con-boxed e-con e-parent\" data-id=\"6183269\" data-element_type=\"container\">\n\t\t\t\t\t<div class=\"e-con-inner\">\n\t\t<div class=\"elementor-element elementor-element-fd22397 e-con-full e-flex e-con e-child\" data-id=\"fd22397\" data-element_type=\"container\">\n\t\t\t\t<div class=\"elementor-element elementor-element-f3600cf elementor-widget elementor-widget-heading\" data-id=\"f3600cf\" data-element_type=\"widget\" data-widget_type=\"heading.default\">\n\t\t\t\t<div class=\"elementor-widget-container\">\n\t\t\t\t\t<h2 class=\"elementor-heading-title elementor-size-default\">information<\/h2>\t\t\t\t<\/div>\n\t\t\t\t<\/div>\n\t\t\t\t<div class=\"elementor-element elementor-element-4a71caa elementor-view-stacked elementor-position-left elementor-vertical-align-middle elementor-shape-circle elementor-mobile-position-top elementor-widget elementor-widget-icon-box\" data-id=\"4a71caa\" data-element_type=\"widget\" data-widget_type=\"icon-box.default\">\n\t\t\t\t<div class=\"elementor-widget-container\">\n\t\t\t\t\t\t\t<div class=\"elementor-icon-box-wrapper\">\n\n\t\t\t\t\t\t<div class=\"elementor-icon-box-icon\">\n\t\t\t\t<span  class=\"elementor-icon\">\n\t\t\t\t<svg aria-hidden=\"true\" class=\"e-font-icon-svg e-fas-map-marker-alt\" viewbox=\"0 0 384 512\" xmlns=\"http:\/\/www.w3.org\/2000\/svg\"><path d=\"M172.268 501.67C26.97 291.031 0 269.413 0 192 0 85.961 85.961 0 192 0s192 85.961 192 192c0 77.413-26.97 99.031-172.268 309.67-9.535 13.774-29.93 13.773-39.464 0zM192 272c44.183 0 80-35.817 80-80s-35.817-80-80-80-80 35.817-80 80 35.817 80 80 80z\"><\/path><\/svg>\t\t\t\t<\/span>\n\t\t\t<\/div>\n\t\t\t\n\t\t\t\t\t\t<div class=\"elementor-icon-box-content\">\n\n\t\t\t\t\t\t\t\t\t<h3 class=\"elementor-icon-box-title\">\n\t\t\t\t\t\t<span  >\n\t\t\t\t\t\t\tAddress\t\t\t\t\t\t<\/span>\n\t\t\t\t\t<\/h3>\n\t\t\t\t\n\t\t\t\t\t\t\t\t\t<p class=\"elementor-icon-box-description\">\n\t\t\t\t\t\tQuito and Guayaquil.\t\t\t\t\t<\/p>\n\t\t\t\t\n\t\t\t<\/div>\n\t\t\t\n\t\t<\/div>\n\t\t\t\t\t\t<\/div>\n\t\t\t\t<\/div>\n\t\t\t\t<div class=\"elementor-element elementor-element-6511a80 elementor-view-stacked elementor-position-left elementor-vertical-align-middle elementor-shape-circle elementor-mobile-position-top elementor-widget elementor-widget-icon-box\" data-id=\"6511a80\" data-element_type=\"widget\" data-widget_type=\"icon-box.default\">\n\t\t\t\t<div class=\"elementor-widget-container\">\n\t\t\t\t\t\t\t<div class=\"elementor-icon-box-wrapper\">\n\n\t\t\t\t\t\t<div class=\"elementor-icon-box-icon\">\n\t\t\t\t<span  class=\"elementor-icon\">\n\t\t\t\t<svg aria-hidden=\"true\" class=\"e-font-icon-svg e-fas-paper-plane\" viewbox=\"0 0 512 512\" xmlns=\"http:\/\/www.w3.org\/2000\/svg\"><path d=\"M476 3.2L12.5 270.6c-18.1 10.4-15.8 35.6 2.2 43.2L121 358.4l287.3-253.2c5.5-4.9 13.3 2.6 8.6 8.3L176 407v80.5c0 23.6 28.5 32.9 42.5 15.8L282 426l124.6 52.2c14.2 6 30.4-2.9 33-18.2l72-432C515 7.8 493.3-6.8 476 3.2z\"><\/path><\/svg>\t\t\t\t<\/span>\n\t\t\t<\/div>\n\t\t\t\n\t\t\t\t\t\t<div class=\"elementor-icon-box-content\">\n\n\t\t\t\t\t\t\t\t\t<h3 class=\"elementor-icon-box-title\">\n\t\t\t\t\t\t<span  >\n\t\t\t\t\t\t\tE-mail\t\t\t\t\t\t<\/span>\n\t\t\t\t\t<\/h3>\n\t\t\t\t\n\t\t\t\t\t\t\t\t\t<p class=\"elementor-icon-box-description\">\n\t\t\t\t\t\tinfo@greencontrol-la.com\t\t\t\t\t<\/p>\n\t\t\t\t\n\t\t\t<\/div>\n\t\t\t\n\t\t<\/div>\n\t\t\t\t\t\t<\/div>\n\t\t\t\t<\/div>\n\t\t\t\t<div class=\"elementor-element elementor-element-e4aa36e elementor-view-stacked elementor-position-left elementor-vertical-align-middle elementor-shape-circle elementor-mobile-position-top elementor-widget elementor-widget-icon-box\" data-id=\"e4aa36e\" data-element_type=\"widget\" data-widget_type=\"icon-box.default\">\n\t\t\t\t<div class=\"elementor-widget-container\">\n\t\t\t\t\t\t\t<div class=\"elementor-icon-box-wrapper\">\n\n\t\t\t\t\t\t<div class=\"elementor-icon-box-icon\">\n\t\t\t\t<span  class=\"elementor-icon\">\n\t\t\t\t<svg aria-hidden=\"true\" class=\"e-font-icon-svg e-fas-phone-alt\" viewbox=\"0 0 512 512\" xmlns=\"http:\/\/www.w3.org\/2000\/svg\"><path d=\"M497.39 361.8l-112-48a24 24 0 0 0-28 6.9l-49.6 60.6A370.66 370.66 0 0 1 130.6 204.11l60.6-49.6a23.94 23.94 0 0 0 6.9-28l-48-112A24.16 24.16 0 0 0 122.6.61l-104 24A24 24 0 0 0 0 48c0 256.5 207.9 464 464 464a24 24 0 0 0 23.4-18.6l24-104a24.29 24.29 0 0 0-14.01-27.6z\"><\/path><\/svg>\t\t\t\t<\/span>\n\t\t\t<\/div>\n\t\t\t\n\t\t\t\t\t\t<div class=\"elementor-icon-box-content\">\n\n\t\t\t\t\t\t\t\t\t<h3 class=\"elementor-icon-box-title\">\n\t\t\t\t\t\t<span  >\n\t\t\t\t\t\t\tPhone\t\t\t\t\t\t<\/span>\n\t\t\t\t\t<\/h3>\n\t\t\t\t\n\t\t\t\t\t\t\t\t\t<p class=\"elementor-icon-box-description\">\n\t\t\t\t\t\t(+593)96 0153204\t\t\t\t\t<\/p>\n\t\t\t\t\n\t\t\t<\/div>\n\t\t\t\n\t\t<\/div>\n\t\t\t\t\t\t<\/div>\n\t\t\t\t<\/div>\n\t\t\t\t<\/div>\n\t\t<div class=\"elementor-element elementor-element-3cec0d4 e-con-full e-flex e-con e-child\" data-id=\"3cec0d4\" data-element_type=\"container\">\n\t\t\t\t<div class=\"elementor-element elementor-element-58cf42e elementor-widget elementor-widget-heading\" data-id=\"58cf42e\" data-element_type=\"widget\" data-widget_type=\"heading.default\">\n\t\t\t\t<div class=\"elementor-widget-container\">\n\t\t\t\t\t<h2 class=\"elementor-heading-title elementor-size-default\">Send us a message<\/h2>\t\t\t\t<\/div>\n\t\t\t\t<\/div>\n\t\t\t\t<div class=\"elementor-element elementor-element-2f7e7ed elementor-button-align-stretch elementor-widget elementor-widget-form\" data-id=\"2f7e7ed\" data-element_type=\"widget\" data-settings=\"{&quot;step_next_label&quot;:&quot;Siguiente&quot;,&quot;step_previous_label&quot;:&quot;Anterior&quot;,&quot;button_width&quot;:&quot;100&quot;,&quot;step_type&quot;:&quot;number_text&quot;,&quot;step_icon_shape&quot;:&quot;circle&quot;}\" data-widget_type=\"form.default\">\n\t\t\t\t<div class=\"elementor-widget-container\">\n\t\t\t\t\t\t\t<form class=\"elementor-form\" method=\"post\" name=\"New Form\" action=\"\">\n\t\t\t<input type=\"hidden\" name=\"post_id\" value=\"141\"\/>\n\t\t\t<input type=\"hidden\" name=\"form_id\" value=\"2f7e7ed\"\/>\n\t\t\t<input type=\"hidden\" name=\"referer_title\" value=\"Contactos - Greencontrol\" \/>\n\n\t\t\t\t\t\t\t<input type=\"hidden\" name=\"queried_id\" value=\"141\"\/>\n\t\t\t\n\t\t\t<div class=\"elementor-form-fields-wrapper elementor-labels-above\">\n\t\t\t\t\t\t\t\t<div class=\"elementor-field-type-email elementor-field-group elementor-column elementor-field-group-email elementor-col-50 elementor-field-required\">\n\t\t\t\t\t\t\t\t\t\t\t\t\t<input size=\"1\" type=\"email\" name=\"form_fields[email]\" id=\"form-field-email\" class=\"elementor-field elementor-size-sm  elementor-field-textual\" placeholder=\"Your e-mail\" required=\"required\">\n\t\t\t\t\t\t\t\t\t\t\t<\/div>\n\t\t\t\t\t\t\t\t<div class=\"elementor-field-type-text elementor-field-group elementor-column elementor-field-group-name elementor-col-50\">\n\t\t\t\t\t\t\t\t\t\t\t\t\t<input size=\"1\" type=\"text\" name=\"form_fields[name]\" id=\"form-field-name\" class=\"elementor-field elementor-size-sm  elementor-field-textual\" placeholder=\"Your name\">\n\t\t\t\t\t\t\t\t\t\t\t<\/div>\n\t\t\t\t\t\t\t\t<div class=\"elementor-field-type-text elementor-field-group elementor-column elementor-field-group-field_523961f elementor-col-100\">\n\t\t\t\t\t\t\t\t\t\t\t\t\t<input size=\"1\" type=\"text\" name=\"form_fields[field_523961f]\" id=\"form-field-field_523961f\" class=\"elementor-field elementor-size-sm  elementor-field-textual\" placeholder=\"Subject\">\n\t\t\t\t\t\t\t\t\t\t\t<\/div>\n\t\t\t\t\t\t\t\t<div class=\"elementor-field-type-textarea elementor-field-group elementor-column elementor-field-group-message elementor-col-100\">\n\t\t\t\t\t<textarea class=\"elementor-field-textual elementor-field  elementor-size-sm\" name=\"form_fields[message]\" id=\"form-field-message\" rows=\"4\" placeholder=\"Your message\"><\/textarea>\t\t\t\t<\/div>\n\t\t\t\t\t\t\t\t<div class=\"elementor-field-group elementor-column elementor-field-type-submit elementor-col-100 e-form__buttons\">\n\t\t\t\t\t<button class=\"elementor-button elementor-size-sm\" type=\"submit\">\n\t\t\t\t\t\t<span class=\"elementor-button-content-wrapper\">\n\t\t\t\t\t\t\t\t\t\t\t\t\t\t\t\t\t\t\t\t\t\t<span class=\"elementor-button-text\">Send<\/span>\n\t\t\t\t\t\t\t\t\t\t\t\t\t<\/span>\n\t\t\t\t\t<\/button>\n\t\t\t\t<\/div>\n\t\t\t<\/div>\n\t\t<input type=\"hidden\" name=\"trp-form-language\" value=\"en\"\/><\/form>\n\t\t\t\t\t\t<\/div>\n\t\t\t\t<\/div>\n\t\t\t\t<\/div>\n\t\t\t\t\t<\/div>\n\t\t\t\t<\/div>\n\t\t<div class=\"elementor-element elementor-element-26e09a9 e-con-full e-flex e-con e-parent\" data-id=\"26e09a9\" data-element_type=\"container\">\n\t\t\t\t<div class=\"elementor-element elementor-element-2333c14 elementor-widget elementor-widget-google_maps\" data-id=\"2333c14\" data-element_type=\"widget\" data-widget_type=\"google_maps.default\">\n\t\t\t\t<div class=\"elementor-widget-container\">\n\t\t\t\t\t\t\t<div class=\"elementor-custom-embed\">\n\t\t\t<iframe loading=\"lazy\"\n\t\t\t\t\tsrc=\"https:\/\/maps.google.com\/maps?q=-0.201632%2C%20-78.334619&#038;t=m&#038;z=16&#038;output=embed&#038;iwloc=near\"\n\t\t\t\t\ttitle=\"-0.201632, -78.334619\"\n\t\t\t\t\taria-label=\"-0.201632, -78.334619\"\n\t\t\t><\/iframe>\n\t\t<\/div>\n\t\t\t\t\t\t<\/div>\n\t\t\t\t<\/div>\n\t\t\t\t<\/div>\n\t\t\t\t<\/div>","protected":false},"excerpt":{"rendered":"<p>Cont\u00e1ctanos informaci\u00f3n Direcci\u00f3n Quito y Guayaquil. Correo electr\u00f3nico info@greencontrol-la.com Tel\u00e9fono (+593)96 0153204 Env\u00edanos un mensaje<\/p>","protected":false},"author":1,"featured_media":10,"parent":0,"menu_order":0,"comment_status":"closed","ping_status":"closed","template":"elementor_header_footer","meta":{"footnotes":""},"class_list":["post-141","page","type-page","status-publish","has-post-thumbnail","hentry"],"yoast_head":"<!-- This site is optimized with the Yoast SEO plugin v25.3.1 - https:\/\/yoast.com\/wordpress\/plugins\/seo\/ -->\n<title>Contactos - Greencontrol<\/title>\n<meta name=\"description\" content=\"Contamos con tratamientos seguros y eficaces con responsabilidad ambiental para negocios sustentables y sostenibles en Latinoam\u00e9rica.\" \/>\n<meta name=\"robots\" content=\"index, follow, max-snippet:-1, max-image-preview:large, max-video-preview:-1\" \/>\n<link rel=\"canonical\" href=\"http:\/\/greencontrol-la.com\/en\/contactos\/\" \/>\n<meta property=\"og:locale\" content=\"en_US\" \/>\n<meta property=\"og:type\" content=\"article\" \/>\n<meta property=\"og:title\" content=\"Contactos - Greencontrol\" \/>\n<meta property=\"og:description\" content=\"Contamos con tratamientos seguros y eficaces con responsabilidad ambiental para negocios sustentables y sostenibles en Latinoam\u00e9rica.\" \/>\n<meta property=\"og:url\" content=\"http:\/\/greencontrol-la.com\/en\/contactos\/\" \/>\n<meta property=\"og:site_name\" content=\"Greencontrol\" \/>\n<meta property=\"article:publisher\" content=\"https:\/\/www.facebook.com\/greencontrolla\/\" \/>\n<meta property=\"article:modified_time\" content=\"2025-06-26T14:39:09+00:00\" \/>\n<meta property=\"og:image\" content=\"http:\/\/greencontrol-la.com\/wp-content\/uploads\/2025\/06\/logo.png\" \/>\n\t<meta property=\"og:image:width\" content=\"200\" \/>\n\t<meta property=\"og:image:height\" content=\"192\" \/>\n\t<meta property=\"og:image:type\" content=\"image\/png\" \/>\n<meta name=\"twitter:card\" content=\"summary_large_image\" \/>\n<meta name=\"twitter:site\" content=\"@GreenControl2\" \/>\n<meta name=\"twitter:label1\" content=\"Est. reading time\" \/>\n\t<meta name=\"twitter:data1\" content=\"1 minute\" \/>\n<script type=\"application\/ld+json\" class=\"yoast-schema-graph\">{\"@context\":\"https:\/\/schema.org\",\"@graph\":[{\"@type\":\"WebPage\",\"@id\":\"http:\/\/greencontrol-la.com\/en\/contactos\/\",\"url\":\"http:\/\/greencontrol-la.com\/en\/contactos\/\",\"name\":\"Contactos - Greencontrol\",\"isPartOf\":{\"@id\":\"http:\/\/greencontrol-la.com\/#website\"},\"primaryImageOfPage\":{\"@id\":\"http:\/\/greencontrol-la.com\/en\/contactos\/#primaryimage\"},\"image\":{\"@id\":\"http:\/\/greencontrol-la.com\/en\/contactos\/#primaryimage\"},\"thumbnailUrl\":\"https:\/\/greencontrol-la.com\/wp-content\/uploads\/2025\/06\/logo.png\",\"datePublished\":\"2025-06-08T15:39:26+00:00\",\"dateModified\":\"2025-06-26T14:39:09+00:00\",\"description\":\"Contamos con tratamientos seguros y eficaces con responsabilidad ambiental para negocios sustentables y sostenibles en Latinoam\u00e9rica.\",\"breadcrumb\":{\"@id\":\"http:\/\/greencontrol-la.com\/en\/contactos\/#breadcrumb\"},\"inLanguage\":\"en-US\",\"potentialAction\":[{\"@type\":\"ReadAction\",\"target\":[\"http:\/\/greencontrol-la.com\/en\/contactos\/\"]}]},{\"@type\":\"ImageObject\",\"inLanguage\":\"en-US\",\"@id\":\"http:\/\/greencontrol-la.com\/en\/contactos\/#primaryimage\",\"url\":\"https:\/\/greencontrol-la.com\/wp-content\/uploads\/2025\/06\/logo.png\",\"contentUrl\":\"https:\/\/greencontrol-la.com\/wp-content\/uploads\/2025\/06\/logo.png\",\"width\":200,\"height\":192},{\"@type\":\"BreadcrumbList\",\"@id\":\"http:\/\/greencontrol-la.com\/en\/contactos\/#breadcrumb\",\"itemListElement\":[{\"@type\":\"ListItem\",\"position\":1,\"name\":\"Portada\",\"item\":\"http:\/\/greencontrol-la.com\/\"},{\"@type\":\"ListItem\",\"position\":2,\"name\":\"Contactos\"}]},{\"@type\":\"WebSite\",\"@id\":\"http:\/\/greencontrol-la.com\/#website\",\"url\":\"http:\/\/greencontrol-la.com\/\",\"name\":\"Greencontrol\",\"description\":\"\",\"publisher\":{\"@id\":\"http:\/\/greencontrol-la.com\/#organization\"},\"potentialAction\":[{\"@type\":\"SearchAction\",\"target\":{\"@type\":\"EntryPoint\",\"urlTemplate\":\"http:\/\/greencontrol-la.com\/?s={search_term_string}\"},\"query-input\":{\"@type\":\"PropertyValueSpecification\",\"valueRequired\":true,\"valueName\":\"search_term_string\"}}],\"inLanguage\":\"en-US\"},{\"@type\":\"Organization\",\"@id\":\"http:\/\/greencontrol-la.com\/#organization\",\"name\":\"Greencontrol\",\"url\":\"http:\/\/greencontrol-la.com\/\",\"logo\":{\"@type\":\"ImageObject\",\"inLanguage\":\"en-US\",\"@id\":\"http:\/\/greencontrol-la.com\/#\/schema\/logo\/image\/\",\"url\":\"https:\/\/greencontrol-la.com\/wp-content\/uploads\/2025\/06\/logo-free.png\",\"contentUrl\":\"https:\/\/greencontrol-la.com\/wp-content\/uploads\/2025\/06\/logo-free.png\",\"width\":600,\"height\":111,\"caption\":\"Greencontrol\"},\"image\":{\"@id\":\"http:\/\/greencontrol-la.com\/#\/schema\/logo\/image\/\"},\"sameAs\":[\"https:\/\/www.facebook.com\/greencontrolla\/\",\"https:\/\/x.com\/GreenControl2\"]}]}<\/script>\n<!-- \/ Yoast SEO plugin. -->","yoast_head_json":{"title":"Contactos - Greencontrol","description":"Contamos con tratamientos seguros y eficaces con responsabilidad ambiental para negocios sustentables y sostenibles en Latinoam\u00e9rica.","robots":{"index":"index","follow":"follow","max-snippet":"max-snippet:-1","max-image-preview":"max-image-preview:large","max-video-preview":"max-video-preview:-1"},"canonical":"http:\/\/greencontrol-la.com\/en\/contactos\/","og_locale":"en_US","og_type":"article","og_title":"Contactos - Greencontrol","og_description":"Contamos con tratamientos seguros y eficaces con responsabilidad ambiental para negocios sustentables y sostenibles en Latinoam\u00e9rica.","og_url":"http:\/\/greencontrol-la.com\/en\/contactos\/","og_site_name":"Greencontrol","article_publisher":"https:\/\/www.facebook.com\/greencontrolla\/","article_modified_time":"2025-06-26T14:39:09+00:00","og_image":[{"width":200,"height":192,"url":"http:\/\/greencontrol-la.com\/wp-content\/uploads\/2025\/06\/logo.png","type":"image\/png"}],"twitter_card":"summary_large_image","twitter_site":"@GreenControl2","twitter_misc":{"Est. reading time":"1 minute"},"schema":{"@context":"https:\/\/schema.org","@graph":[{"@type":"WebPage","@id":"http:\/\/greencontrol-la.com\/en\/contactos\/","url":"http:\/\/greencontrol-la.com\/en\/contactos\/","name":"Contactos - Greencontrol","isPartOf":{"@id":"http:\/\/greencontrol-la.com\/#website"},"primaryImageOfPage":{"@id":"http:\/\/greencontrol-la.com\/en\/contactos\/#primaryimage"},"image":{"@id":"http:\/\/greencontrol-la.com\/en\/contactos\/#primaryimage"},"thumbnailUrl":"https:\/\/greencontrol-la.com\/wp-content\/uploads\/2025\/06\/logo.png","datePublished":"2025-06-08T15:39:26+00:00","dateModified":"2025-06-26T14:39:09+00:00","description":"Contamos con tratamientos seguros y eficaces con responsabilidad ambiental para negocios sustentables y sostenibles en Latinoam\u00e9rica.","breadcrumb":{"@id":"http:\/\/greencontrol-la.com\/en\/contactos\/#breadcrumb"},"inLanguage":"en-US","potentialAction":[{"@type":"ReadAction","target":["http:\/\/greencontrol-la.com\/en\/contactos\/"]}]},{"@type":"ImageObject","inLanguage":"en-US","@id":"http:\/\/greencontrol-la.com\/en\/contactos\/#primaryimage","url":"https:\/\/greencontrol-la.com\/wp-content\/uploads\/2025\/06\/logo.png","contentUrl":"https:\/\/greencontrol-la.com\/wp-content\/uploads\/2025\/06\/logo.png","width":200,"height":192},{"@type":"BreadcrumbList","@id":"http:\/\/greencontrol-la.com\/en\/contactos\/#breadcrumb","itemListElement":[{"@type":"ListItem","position":1,"name":"Portada","item":"http:\/\/greencontrol-la.com\/"},{"@type":"ListItem","position":2,"name":"Contactos"}]},{"@type":"WebSite","@id":"http:\/\/greencontrol-la.com\/#website","url":"http:\/\/greencontrol-la.com\/","name":"Greencontrol","description":"","publisher":{"@id":"http:\/\/greencontrol-la.com\/#organization"},"potentialAction":[{"@type":"SearchAction","target":{"@type":"EntryPoint","urlTemplate":"http:\/\/greencontrol-la.com\/?s={search_term_string}"},"query-input":{"@type":"PropertyValueSpecification","valueRequired":true,"valueName":"search_term_string"}}],"inLanguage":"en-US"},{"@type":"Organization","@id":"http:\/\/greencontrol-la.com\/#organization","name":"Greencontrol","url":"http:\/\/greencontrol-la.com\/","logo":{"@type":"ImageObject","inLanguage":"en-US","@id":"http:\/\/greencontrol-la.com\/#\/schema\/logo\/image\/","url":"https:\/\/greencontrol-la.com\/wp-content\/uploads\/2025\/06\/logo-free.png","contentUrl":"https:\/\/greencontrol-la.com\/wp-content\/uploads\/2025\/06\/logo-free.png","width":600,"height":111,"caption":"Greencontrol"},"image":{"@id":"http:\/\/greencontrol-la.com\/#\/schema\/logo\/image\/"},"sameAs":["https:\/\/www.facebook.com\/greencontrolla\/","https:\/\/x.com\/GreenControl2"]}]}},"_links":{"self":[{"href":"https:\/\/greencontrol-la.com\/en\/wp-json\/wp\/v2\/pages\/141","targetHints":{"allow":["GET"]}}],"collection":[{"href":"https:\/\/greencontrol-la.com\/en\/wp-json\/wp\/v2\/pages"}],"about":[{"href":"https:\/\/greencontrol-la.com\/en\/wp-json\/wp\/v2\/types\/page"}],"author":[{"embeddable":true,"href":"https:\/\/greencontrol-la.com\/en\/wp-json\/wp\/v2\/users\/1"}],"replies":[{"embeddable":true,"href":"https:\/\/greencontrol-la.com\/en\/wp-json\/wp\/v2\/comments?post=141"}],"version-history":[{"count":37,"href":"https:\/\/greencontrol-la.com\/en\/wp-json\/wp\/v2\/pages\/141\/revisions"}],"predecessor-version":[{"id":465,"href":"https:\/\/greencontrol-la.com\/en\/wp-json\/wp\/v2\/pages\/141\/revisions\/465"}],"wp:featuredmedia":[{"embeddable":true,"href":"https:\/\/greencontrol-la.com\/en\/wp-json\/wp\/v2\/media\/10"}],"wp:attachment":[{"href":"https:\/\/greencontrol-la.com\/en\/wp-json\/wp\/v2\/media?parent=141"}],"curies":[{"name":"wp","href":"https:\/\/api.w.org\/{rel}","templated":true}]}}